{"id":3163,"date":"2014-10-31T12:13:41","date_gmt":"2014-10-31T11:13:41","guid":{"rendered":"https:\/\/www.stabalux.com\/?page_id=3163"},"modified":"2025-05-30T19:21:59","modified_gmt":"2025-05-30T17:21:59","slug":"systeeme","status":"publish","type":"page","link":"https:\/\/stabalux.com\/nl\/faq\/systeeme\/","title":{"rendered":"Systemen"},"content":{"rendered":"<\/p>\n\n<style type=\"text\/css\" data-created_by=\"avia_inline_auto\" id=\"style-css-av-av_section-4dc66dc4094d8071e4762ce03e0e0470\">\n.avia-section.av-av_section-4dc66dc4094d8071e4762ce03e0e0470{\nbackground-repeat:no-repeat;\nbackground-image:url(https:\/\/stabalux.com\/wp-content\/uploads\/2014\/10\/blurred_bg.jpg);\nbackground-position:50% 100%;\nbackground-attachment:scroll;\n}\n<\/style>\n<div id='av_section_1'  class='avia-section av-av_section-4dc66dc4094d8071e4762ce03e0e0470 main_color avia-section-default avia-shadow  avia-builder-el-0  el_before_av_two_third  avia-builder-el-first  avia-full-stretch avia-bg-style-scroll container_wrap fullsize'  data-section-bg-repeat='stretch'><div class='container av-section-cont-open' ><main  role=\"main\" itemprop=\"mainContentOfPage\"  class='template-page content  av-content-full alpha units'><div class='post-entry post-entry-type-page post-entry-3163'><div class='entry-content-wrapper clearfix'>\n<div  class='flex_column av-av_one_full-2a9015ff38129c418a3f2eafba3e9512 av_one_full  avia-builder-el-1  avia-builder-el-no-sibling  first flex_column_div  '     ><style type=\"text\/css\" data-created_by=\"avia_inline_auto\" id=\"style-css-av-av_heading-f543adb7222b5a6f81af563ffb72903d\">\n#top .av-special-heading.av-av_heading-f543adb7222b5a6f81af563ffb72903d{\npadding-bottom:0;\ncolor:#ffffff;\nfont-size:48px;\n}\nbody .av-special-heading.av-av_heading-f543adb7222b5a6f81af563ffb72903d .av-special-heading-tag .heading-char{\nfont-size:25px;\n}\n#top #wrap_all .av-special-heading.av-av_heading-f543adb7222b5a6f81af563ffb72903d .av-special-heading-tag{\nfont-size:48px;\n}\n.av-special-heading.av-av_heading-f543adb7222b5a6f81af563ffb72903d .special-heading-inner-border{\nborder-color:#ffffff;\n}\n.av-special-heading.av-av_heading-f543adb7222b5a6f81af563ffb72903d .av-subheading{\nfont-size:15px;\n}\n\n@media only screen and (min-width: 480px) and (max-width: 767px){ \n#top #wrap_all .av-special-heading.av-av_heading-f543adb7222b5a6f81af563ffb72903d .av-special-heading-tag{\nfont-size:0.8em;\n}\n}\n\n@media only screen and (max-width: 479px){ \n#top #wrap_all .av-special-heading.av-av_heading-f543adb7222b5a6f81af563ffb72903d .av-special-heading-tag{\nfont-size:0.8em;\n}\n}\n<\/style>\n<div  class='av-special-heading av-av_heading-f543adb7222b5a6f81af563ffb72903d av-special-heading-h1 custom-color-heading blockquote modern-quote  avia-builder-el-2  avia-builder-el-no-sibling  av-inherit-size'><h1 class='av-special-heading-tag '  itemprop=\"headline\"  >Veel gestelde vragen<\/h1><div class=\"special-heading-border\"><div class=\"special-heading-inner-border\"><\/div><\/div><\/div><\/div>\n<\/div><\/div><\/main><!-- close content main element --><\/div><\/div><div id='after_section_1'  class='main_color av_default_container_wrap container_wrap fullsize'  ><div class='container av-section-cont-open' ><div class='template-page content  av-content-full alpha units'><div class='post-entry post-entry-type-page post-entry-3163'><div class='entry-content-wrapper clearfix'>\n<div  class='flex_column av-av_two_third-2a9015ff38129c418a3f2eafba3e9512 av_two_third  avia-builder-el-3  el_after_av_section  el_before_av_one_third  avia-builder-el-first  first flex_column_div  '     ><div  class='togglecontainer av-av_toggle_container-8e0c6e39d39b619a829887bd54fff3ed  avia-builder-el-4  avia-builder-el-no-sibling  toggle_close_all' >\n<section class='av_toggle_section av-av_toggle-1168a24997d9ef1ee3c8c72a25cdfaa0'  itemscope=\"itemscope\" itemtype=\"https:\/\/schema.org\/CreativeWork\" ><div role=\"tablist\" class=\"single_toggle\" data-tags=\"{Alle} \"  ><p id='toggle-toggle-id-1' data-fake-id='#toggle-id-1' class='toggler  av-title-above '  itemprop=\"headline\"  role='tab' tabindex='0' aria-controls='toggle-id-1' data-slide-speed=\"200\" data-title=\"Welke beglazingsystemen biedt Stabalux als systeemleverancier?\" data-title-open=\"\" data-aria_collapsed=\"Klik om uit te klappen: Welke beglazingsystemen biedt Stabalux als systeemleverancier?\" data-aria_expanded=\"Klik om in te klappen: Welke beglazingsystemen biedt Stabalux als systeemleverancier?\">Welke beglazingsystemen biedt Stabalux als systeemleverancier?<span class=\"toggle_icon\"><span class=\"vert_icon\"><\/span><span class=\"hor_icon\"><\/span><\/span><\/p><div id='toggle-id-1' aria-labelledby='toggle-toggle-id-1' role='region' class='toggle_wrap  av-title-above'  ><div class='toggle_content invers-color '  itemprop=\"text\" ><h3>Stabalux SR<\/h3>\n<p>Stabalux SR is een compleet systeem met ondersteunende onderconstructie uit staal van schroefbuis (SR-Profielen) en is in de systeem breedtes van 50 tot 60 mm leverbaar.<\/p>\n<h3>Stabalux H<\/h3>\n<p>Het Stabalux H Systeem biedt alle componenten voor de beglazing vanaf het binnenste pakking niveau en is een systeem met directe schroefverbinding. De houten onderconstructie wordt door de klant geleverd, er is een middengroef te frezen zoals gespecificeerd door de systeemleverancier.<\/p>\n<h3>Stabalux AK-S | AK-H<\/h3>\n<p>Bij deze systemen wordt een schroefkanaal als opbouwsysteem op onderconstructies optioneel op hout of staal bevestigd. De montage op hout en staal gebeurt door vastschroeven. Voor stalen onderconstructies bestaat ook de mogelijkheid om de montage met nagels van Hilti (schiethamer) te realiseren. Het basissysteem is verkrijgbaar in 60 mm systeem breedte en kan door het aanpassen van de afdichting ook als 80 mm systeem breedte toegepast worden.<\/p>\n<h3>Stabalux ZL-S | ZL-H<\/h3>\n<p>De systemen Stabalux ZL-S en ZL-H zijn opbouwsysteem van 50, 60 en 80 mm systeem breedte met een tussenprofiel van kunststof welke op elke dragende onderconstructie op hout of staal aangebracht kan worden. Het tussenprofiel wordt gebruikt voor positionering van de afdichting en hebben zeer goede thermische isolatie-eigenschappen.<\/p>\n<\/div><\/div><\/div><\/section>\n<section class='av_toggle_section av-av_toggle-b0346eaca1747cecf2175b38353505b6'  itemscope=\"itemscope\" itemtype=\"https:\/\/schema.org\/CreativeWork\" ><div role=\"tablist\" class=\"single_toggle\" data-tags=\"{Alle} \"  ><p id='toggle-toggle-id-2' data-fake-id='#toggle-id-2' class='toggler  av-title-above '  itemprop=\"headline\"  role='tab' tabindex='0' aria-controls='toggle-id-2' data-slide-speed=\"200\" data-title=\"Welke testen werden uitgevoerd volgens DIN EN 13830?\" data-title-open=\"\" data-aria_collapsed=\"Klik om uit te klappen: Welke testen werden uitgevoerd volgens DIN EN 13830?\" data-aria_expanded=\"Klik om in te klappen: Welke testen werden uitgevoerd volgens DIN EN 13830?\">Welke testen werden uitgevoerd volgens DIN EN 13830?<span class=\"toggle_icon\"><span class=\"vert_icon\"><\/span><span class=\"hor_icon\"><\/span><\/span><\/p><div id='toggle-id-2' aria-labelledby='toggle-toggle-id-2' role='region' class='toggle_wrap  av-title-above'  ><div class='toggle_content invers-color '  itemprop=\"text\" ><p>Alle Stabalux systemen werden getest volgens DIN EN 13830 door het ift Rosenheim of door adviezen van deskundigen beoordeeld.De onderstaande criteria werden getest:<\/p>\n<ul>\n<li>Luchtdoorlatendheid;<\/li>\n<li>Waterdichtheid (statisch n dynamisch)<\/li>\n<li>Weerstand tegen windbelasting<\/li>\n<li>Schokbestendig (binnen \/ buiten)<\/li>\n<\/ul>\n<p>Een schuine vliesgevel met 20\u00b0 helling en een dakbeglazing met 2\u00b0 helling zijn extra getest volgens overeenstemming van deze Norm.Voor dakbeglazing is de Norm (2,0 l\/ (m\u00b2 min.)), de test zijn echter met een waterhoeveelheid van 3,4 l \/ (m\u00b2 min.) uitgevoerd. De slagvastheid werd met een gewicht van 50 kg en een valhoogte van 2,40 m bewezen.<\/p>\n<\/div><\/div><\/div><\/section>\n<section class='av_toggle_section av-av_toggle-848f0321c93cda62d1c5175187478d6b'  itemscope=\"itemscope\" itemtype=\"https:\/\/schema.org\/CreativeWork\" ><div role=\"tablist\" class=\"single_toggle\" data-tags=\"{Alle} \"  ><p id='toggle-toggle-id-3' data-fake-id='#toggle-id-3' class='toggler  av-title-above '  itemprop=\"headline\"  role='tab' tabindex='0' aria-controls='toggle-id-3' data-slide-speed=\"200\" data-title=\"Welke afdichting systemen zijn aan de binnenzijde van de beglazing mogelijk?\" data-title-open=\"\" data-aria_collapsed=\"Klik om uit te klappen: Welke afdichting systemen zijn aan de binnenzijde van de beglazing mogelijk?\" data-aria_expanded=\"Klik om in te klappen: Welke afdichting systemen zijn aan de binnenzijde van de beglazing mogelijk?\">Welke afdichting systemen zijn aan de binnenzijde van de beglazing mogelijk?<span class=\"toggle_icon\"><span class=\"vert_icon\"><\/span><span class=\"hor_icon\"><\/span><\/span><\/p><div id='toggle-id-3' aria-labelledby='toggle-toggle-id-3' role='region' class='toggle_wrap  av-title-above'  ><div class='toggle_content invers-color '  itemprop=\"text\" ><p>Het bereik van de verschillende afdichting geometrie\u00ebn varieert met de Stabalux Systemen.In de verticale gevel zijn afdichtingen met \u00e9\u00e9n, twee of drie drainage niveaus beschikbaar.Afdichtingen met een niveau worden stotend verwerkt. De verbindingen met twee of drie niveaus, worden de verbindingen overlappende uitgevoerd.In het dak worden in principe altijd overlappende verbindingen met 2 niveaus verwerkt.<\/p>\n<\/div><\/div><\/div><\/section>\n<\/div><\/div>\n\n<style type=\"text\/css\" data-created_by=\"avia_inline_auto\" id=\"style-css-av-av_one_third-9c1d454dc06f7247226bc4e8f931daae\">\n.flex_column.av-av_one_third-9c1d454dc06f7247226bc4e8f931daae{\nborder-radius:0px 0px 0px 0px;\npadding:0px 0px 0px 0px;\n}\n<\/style>\n<div  class='flex_column av-av_one_third-9c1d454dc06f7247226bc4e8f931daae av_one_third  avia-builder-el-5  el_after_av_two_third  el_before_av_two_third  flex_column_div av-zero-column-padding  '     ><section  class='av_textblock_section av-av_textblock-0366cc7376be6c9e82a3e9cc8987b64f '   itemscope=\"itemscope\" itemtype=\"https:\/\/schema.org\/CreativeWork\" ><div class='avia_textblock'  itemprop=\"text\" ><div class=\"faq_navi\">\n<h2>Meer informatie<\/h2>\n<ul>\n<li><a class=\"act\" title=\"Systeeme\" href=\"https:\/\/www.stabalux.com\/nl\/faq\/systeeme\/\">Systemen<\/a><\/li>\n<li><a title=\"EPDM-Afdichtingen\" href=\"https:\/\/www.stabalux.com\/nl\/faq\/epdm-afdichtingen\/\">EPDM-Afdichtingen<\/a><\/li>\n<li><a title=\"Schroefbuis\" href=\"https:\/\/www.stabalux.com\/nl\/faq\/schroefbuis\/\">Schroefbuis<\/a><\/li>\n<li><a title=\"Inzetdiepte glas\" href=\"https:\/\/www.stabalux.com\/nl\/faq\/inzetdiepte-glas\/\">Inzetdiepte glas<\/a><\/li>\n<li><a title=\"Onderlijsten\" href=\"https:\/\/www.stabalux.com\/nl\/faq\/onderlijsten\/\">Onderlijsten<\/a><\/li>\n<li><a title=\"Warmtebeheersing\" href=\"https:\/\/www.stabalux.com\/nl\/faq\/warmtebeheersing\/\">Warmtebeheersing<\/a><\/li>\n<li><a title=\"Levering\" href=\"https:\/\/www.stabalux.com\/nl\/faq\/levering\/\">Levering<\/a><\/li>\n<\/ul>\n<\/div>\n<\/div><\/section><\/div><div  class='flex_column av-av_two_third-2a9015ff38129c418a3f2eafba3e9512 av_two_third  avia-builder-el-7  el_after_av_one_third  avia-builder-el-last  first flex_column_div  column-top-margin'     ><p>\n<style type=\"text\/css\" data-created_by=\"avia_inline_auto\" id=\"style-css-av-av_heading-4b7085cf2df242a6ee1693d8bdf16369\">\n#top .av-special-heading.av-av_heading-4b7085cf2df242a6ee1693d8bdf16369{\npadding-bottom:10px;\n}\nbody .av-special-heading.av-av_heading-4b7085cf2df242a6ee1693d8bdf16369 .av-special-heading-tag .heading-char{\nfont-size:25px;\n}\n.av-special-heading.av-av_heading-4b7085cf2df242a6ee1693d8bdf16369 .av-subheading{\nfont-size:15px;\n}\n<\/style>\n<div  class='av-special-heading av-av_heading-4b7085cf2df242a6ee1693d8bdf16369 av-special-heading-h3  avia-builder-el-8  el_before_av_textblock  avia-builder-el-first '><h3 class='av-special-heading-tag '  itemprop=\"headline\"  >Uw vraag niet gevonden?<\/h3><div class=\"special-heading-border\"><div class=\"special-heading-inner-border\"><\/div><\/div><\/div><br \/>\n<section  class='av_textblock_section av-av_textblock-0366cc7376be6c9e82a3e9cc8987b64f '   itemscope=\"itemscope\" itemtype=\"https:\/\/schema.org\/CreativeWork\" ><div class='avia_textblock'  itemprop=\"text\" ><p>In het geval dat uw vraag niet is beantwoord, kunt u deze sturen via e-mail. Een van onze medewerkers zal spoedig contact met u opnemen en de vraag in onze FAQ catalogus toevoegen.<\/p>\n<\/div><\/section><br \/>\n<div  class='avia-button-wrap av-av_button-7869f843c4e0af22d040aeb3d825d3cd-wrap avia-button-left  avia-builder-el-10  el_after_av_textblock  avia-builder-el-last '><a href='mailto:faq@stabalux.com'  class='avia-button av-av_button-7869f843c4e0af22d040aeb3d825d3cd av-link-btn avia-icon_select-yes-left-icon avia-size-medium avia-position-left avia-color-theme-color'   aria-label=\"Vraag opsturen\"><span class='avia_button_icon avia_button_icon_left avia-iconfont avia-font-entypo-fontello' data-av_icon='\ue8b7' data-av_iconfont='entypo-fontello' ><\/span><span class='avia_iconbox_title' >Vraag opsturen<\/span><\/a><\/div><\/p><\/div><\/p>\n","protected":false},"excerpt":{"rendered":"","protected":false},"author":1,"featured_media":0,"parent":3161,"menu_order":0,"comment_status":"open","ping_status":"closed","template":"","meta":{"footnotes":""},"class_list":["post-3163","page","type-page","status-publish","hentry"],"yoast_head":"<!-- This site is optimized with the Yoast SEO plugin v27.4 - https:\/\/yoast.com\/product\/yoast-seo-wordpress\/ -->\n<title>Systemen | STABALUX<\/title>\n<meta name=\"robots\" content=\"index, follow, max-snippet:-1, max-image-preview:large, max-video-preview:-1\" \/>\n<link rel=\"canonical\" href=\"https:\/\/stabalux.com\/nl\/faq\/systeeme\/\" \/>\n<meta property=\"og:locale\" content=\"nl_NL\" \/>\n<meta property=\"og:type\" content=\"article\" \/>\n<meta property=\"og:title\" content=\"Systemen | STABALUX\" \/>\n<meta property=\"og:url\" content=\"https:\/\/stabalux.com\/nl\/faq\/systeeme\/\" \/>\n<meta property=\"og:site_name\" content=\"STABALUX\" \/>\n<meta property=\"article:modified_time\" content=\"2025-05-30T17:21:59+00:00\" \/>\n<meta name=\"twitter:label1\" content=\"Geschatte leestijd\" \/>\n\t<meta name=\"twitter:data1\" content=\"3 minuten\" \/>\n<script type=\"application\/ld+json\" class=\"yoast-schema-graph\">{\"@context\":\"https:\\\/\\\/schema.org\",\"@graph\":[{\"@type\":\"WebPage\",\"@id\":\"https:\\\/\\\/stabalux.com\\\/nl\\\/faq\\\/systeeme\\\/\",\"url\":\"https:\\\/\\\/stabalux.com\\\/nl\\\/faq\\\/systeeme\\\/\",\"name\":\"Systemen | STABALUX\",\"isPartOf\":{\"@id\":\"https:\\\/\\\/stabalux.com\\\/nl\\\/#website\"},\"datePublished\":\"2014-10-31T11:13:41+00:00\",\"dateModified\":\"2025-05-30T17:21:59+00:00\",\"breadcrumb\":{\"@id\":\"https:\\\/\\\/stabalux.com\\\/nl\\\/faq\\\/systeeme\\\/#breadcrumb\"},\"inLanguage\":\"nl-NL\",\"potentialAction\":[{\"@type\":\"ReadAction\",\"target\":[\"https:\\\/\\\/stabalux.com\\\/nl\\\/faq\\\/systeeme\\\/\"]}]},{\"@type\":\"BreadcrumbList\",\"@id\":\"https:\\\/\\\/stabalux.com\\\/nl\\\/faq\\\/systeeme\\\/#breadcrumb\",\"itemListElement\":[{\"@type\":\"ListItem\",\"position\":1,\"name\":\"Startseite\",\"item\":\"https:\\\/\\\/stabalux.com\\\/nl\\\/\"},{\"@type\":\"ListItem\",\"position\":2,\"name\":\"FAQ\",\"item\":\"https:\\\/\\\/stabalux.com\\\/nl\\\/wissen-glasfassade\\\/faq\\\/\"},{\"@type\":\"ListItem\",\"position\":3,\"name\":\"Systemen\"}]},{\"@type\":\"WebSite\",\"@id\":\"https:\\\/\\\/stabalux.com\\\/nl\\\/#website\",\"url\":\"https:\\\/\\\/stabalux.com\\\/nl\\\/\",\"name\":\"STABALUX\",\"description\":\"\",\"publisher\":{\"@id\":\"https:\\\/\\\/stabalux.com\\\/nl\\\/#organization\"},\"potentialAction\":[{\"@type\":\"SearchAction\",\"target\":{\"@type\":\"EntryPoint\",\"urlTemplate\":\"https:\\\/\\\/stabalux.com\\\/nl\\\/?s={search_term_string}\"},\"query-input\":{\"@type\":\"PropertyValueSpecification\",\"valueRequired\":true,\"valueName\":\"search_term_string\"}}],\"inLanguage\":\"nl-NL\"},{\"@type\":\"Organization\",\"@id\":\"https:\\\/\\\/stabalux.com\\\/nl\\\/#organization\",\"name\":\"Stabalux GmbH\",\"url\":\"https:\\\/\\\/stabalux.com\\\/nl\\\/\",\"logo\":{\"@type\":\"ImageObject\",\"inLanguage\":\"nl-NL\",\"@id\":\"https:\\\/\\\/stabalux.com\\\/nl\\\/#\\\/schema\\\/logo\\\/image\\\/\",\"url\":null,\"contentUrl\":null,\"width\":null,\"height\":null,\"caption\":\"Stabalux GmbH\"},\"image\":{\"@id\":\"https:\\\/\\\/stabalux.com\\\/nl\\\/#\\\/schema\\\/logo\\\/image\\\/\"},\"sameAs\":[\"https:\\\/\\\/www.instagram.com\\\/stabalux\\\/\",\"https:\\\/\\\/www.pinterest.de\\\/stabaluxgmbh\\\/\"]}]}<\/script>\n<!-- \/ Yoast SEO plugin. -->","yoast_head_json":{"title":"Systemen | STABALUX","robots":{"index":"index","follow":"follow","max-snippet":"max-snippet:-1","max-image-preview":"max-image-preview:large","max-video-preview":"max-video-preview:-1"},"canonical":"https:\/\/stabalux.com\/nl\/faq\/systeeme\/","og_locale":"nl_NL","og_type":"article","og_title":"Systemen | STABALUX","og_url":"https:\/\/stabalux.com\/nl\/faq\/systeeme\/","og_site_name":"STABALUX","article_modified_time":"2025-05-30T17:21:59+00:00","twitter_misc":{"Geschatte leestijd":"3 minuten"},"schema":{"@context":"https:\/\/schema.org","@graph":[{"@type":"WebPage","@id":"https:\/\/stabalux.com\/nl\/faq\/systeeme\/","url":"https:\/\/stabalux.com\/nl\/faq\/systeeme\/","name":"Systemen | STABALUX","isPartOf":{"@id":"https:\/\/stabalux.com\/nl\/#website"},"datePublished":"2014-10-31T11:13:41+00:00","dateModified":"2025-05-30T17:21:59+00:00","breadcrumb":{"@id":"https:\/\/stabalux.com\/nl\/faq\/systeeme\/#breadcrumb"},"inLanguage":"nl-NL","potentialAction":[{"@type":"ReadAction","target":["https:\/\/stabalux.com\/nl\/faq\/systeeme\/"]}]},{"@type":"BreadcrumbList","@id":"https:\/\/stabalux.com\/nl\/faq\/systeeme\/#breadcrumb","itemListElement":[{"@type":"ListItem","position":1,"name":"Startseite","item":"https:\/\/stabalux.com\/nl\/"},{"@type":"ListItem","position":2,"name":"FAQ","item":"https:\/\/stabalux.com\/nl\/wissen-glasfassade\/faq\/"},{"@type":"ListItem","position":3,"name":"Systemen"}]},{"@type":"WebSite","@id":"https:\/\/stabalux.com\/nl\/#website","url":"https:\/\/stabalux.com\/nl\/","name":"STABALUX","description":"","publisher":{"@id":"https:\/\/stabalux.com\/nl\/#organization"},"potentialAction":[{"@type":"SearchAction","target":{"@type":"EntryPoint","urlTemplate":"https:\/\/stabalux.com\/nl\/?s={search_term_string}"},"query-input":{"@type":"PropertyValueSpecification","valueRequired":true,"valueName":"search_term_string"}}],"inLanguage":"nl-NL"},{"@type":"Organization","@id":"https:\/\/stabalux.com\/nl\/#organization","name":"Stabalux GmbH","url":"https:\/\/stabalux.com\/nl\/","logo":{"@type":"ImageObject","inLanguage":"nl-NL","@id":"https:\/\/stabalux.com\/nl\/#\/schema\/logo\/image\/","url":null,"contentUrl":null,"width":null,"height":null,"caption":"Stabalux GmbH"},"image":{"@id":"https:\/\/stabalux.com\/nl\/#\/schema\/logo\/image\/"},"sameAs":["https:\/\/www.instagram.com\/stabalux\/","https:\/\/www.pinterest.de\/stabaluxgmbh\/"]}]}},"_links":{"self":[{"href":"https:\/\/stabalux.com\/nl\/wp-json\/wp\/v2\/pages\/3163","targetHints":{"allow":["GET"]}}],"collection":[{"href":"https:\/\/stabalux.com\/nl\/wp-json\/wp\/v2\/pages"}],"about":[{"href":"https:\/\/stabalux.com\/nl\/wp-json\/wp\/v2\/types\/page"}],"author":[{"embeddable":true,"href":"https:\/\/stabalux.com\/nl\/wp-json\/wp\/v2\/users\/1"}],"replies":[{"embeddable":true,"href":"https:\/\/stabalux.com\/nl\/wp-json\/wp\/v2\/comments?post=3163"}],"version-history":[{"count":3,"href":"https:\/\/stabalux.com\/nl\/wp-json\/wp\/v2\/pages\/3163\/revisions"}],"predecessor-version":[{"id":13929,"href":"https:\/\/stabalux.com\/nl\/wp-json\/wp\/v2\/pages\/3163\/revisions\/13929"}],"up":[{"embeddable":true,"href":"https:\/\/stabalux.com\/nl\/wp-json\/wp\/v2\/pages\/3161"}],"wp:attachment":[{"href":"https:\/\/stabalux.com\/nl\/wp-json\/wp\/v2\/media?parent=3163"}],"curies":[{"name":"wp","href":"https:\/\/api.w.org\/{rel}","templated":true}]}}