{"id":3332,"date":"2015-01-08T11:40:44","date_gmt":"2015-01-08T10:40:44","guid":{"rendered":"https:\/\/www.stabalux.com\/?page_id=3332"},"modified":"2025-04-01T00:17:47","modified_gmt":"2025-03-31T22:17:47","slug":"brise-soleil","status":"publish","type":"page","link":"https:\/\/stabalux.com\/fr\/mur-rideau-verriere-bois\/brise-soleil\/","title":{"rendered":"Stabalux SOL"},"content":{"rendered":"\n<style type=\"text\/css\" data-created_by=\"avia_inline_auto\" id=\"style-css-av-28n0qk-0d8b377989d3d2e2317d2c326f34080e\">\n.avia-section.av-28n0qk-0d8b377989d3d2e2317d2c326f34080e{\nbackground-repeat:no-repeat;\nbackground-image:url(https:\/\/stabalux.com\/wp-content\/uploads\/2014\/10\/Sonnenschutz-3.jpg);\nbackground-position:50% 50%;\nbackground-attachment:scroll;\n}\n<\/style>\n<div id='av_section_1'  class='avia-section av-28n0qk-0d8b377989d3d2e2317d2c326f34080e main_color avia-section-small avia-no-shadow  avia-builder-el-0  el_before_av_three_fifth  avia-builder-el-first  avia-full-stretch avia-bg-style-scroll av-minimum-height av-minimum-height-25 av-height-25  container_wrap fullsize'  data-section-bg-repeat='stretch' data-av_minimum_height_pc='25' data-av_min_height_opt='25'><div class='container av-section-cont-open' ><main  role=\"main\" itemprop=\"mainContentOfPage\"  class='template-page content  av-content-full alpha units'><div class='post-entry post-entry-type-page post-entry-3332'><div class='entry-content-wrapper clearfix'><\/div><\/div><\/main><!-- close content main element --><\/div><\/div><div id='after_section_1'  class='main_color av_default_container_wrap container_wrap fullsize'  ><div class='container av-section-cont-open' ><div class='template-page content  av-content-full alpha units'><div class='post-entry post-entry-type-page post-entry-3332'><div class='entry-content-wrapper clearfix'>\n<div  class='flex_column av-kchgek-947864eb79e56cda1f7bdbd34394ecee av_three_fifth  avia-builder-el-1  el_after_av_section  el_before_av_two_fifth  avia-builder-el-first  first flex_column_div  '     ><section  class='av_textblock_section av-jpgu5o-f7d4d200c9a82b1f0d75c47a53940bcf '   itemscope=\"itemscope\" itemtype=\"https:\/\/schema.org\/CreativeWork\" ><div class='avia_textblock'  itemprop=\"text\" ><div class=\"csc-header csc-header-n1\">\n<h2>Brise-Soleil<\/h2>\n<\/div>\n\n<style type=\"text\/css\" data-created_by=\"avia_inline_auto\" id=\"style-css-av-hach7g-2758a24a525c9d316d8aeec6c84f6d8a\">\n#top .hr.hr-invisible.av-hach7g-2758a24a525c9d316d8aeec6c84f6d8a{\nheight:10px;\n}\n<\/style>\n<div  class='hr av-hach7g-2758a24a525c9d316d8aeec6c84f6d8a hr-invisible  avia-builder-el-3  avia-builder-el-no-sibling '><span class='hr-inner '><span class=\"hr-inner-style\"><\/span><\/span><\/div>\n<p><strong>Montage facile<br \/>\n<\/strong>Le brise-soleil ext\u00e9rieur en aluminium se monte tr\u00e8s facilement devant des fen\u00eatres, fa\u00e7ades en verre ou toits en verre. Par un vissage simple\u2013sans effort. Toutes les pi\u00e8ces sont rassembl\u00e9es selon l\u2019objet et livr\u00e9es pr\u00eates \u00e0 \u00eatre mont\u00e9es. Le brise-soleil peut \u00eatre install\u00e9 sur toutes les fa\u00e7ades et les toits en verre courants ainsi que sur les constructions classiques.<\/p>\n<p><strong>De la couleur pour le quotidien<\/strong><br \/>\nStabalux SOL est disponible dans toutes les couleurs ou combinaisons de couleurs imaginables. Pour un effet ext\u00e9rieur riche en facettes.<\/p>\n<p><strong>Le meilleur effet<\/strong><br \/>\nAfin d\u2019atteindre une protection optimale contre le soleil, il est d\u00e9terminant de choisir correctement les lamelles adapt\u00e9es ainsi que les distances entre elles. Trois types de lamelles diff\u00e9rents et diff\u00e9rents espacements entre les lamelles d\u00e9finissent le degr\u00e9 de rayonnement ainsi que la transparence. Nous vous conseillons lors de la planification.<\/p>\n<p><strong>Int\u00e9gr\u00e9 \u00e0 l\u2019avenir<\/strong><br \/>\nIl est possible d\u2019\u00e9quiper ult\u00e9rieurement un b\u00e2timent dans un court d\u00e9lai avec le brisesoleil complet, sans qu\u2019une pression ne soit exerc\u00e9e sur le capot ou le verre.<\/p>\n<\/div><\/section><\/div>\n<div  class='flex_column av-g4mf4s-1e5f34568394e774fb11c780c5ac5e9a av_two_fifth  avia-builder-el-4  el_after_av_three_fifth  avia-builder-el-last  flex_column_div  '     ><section  class='av_textblock_section av-evrmf0-64cb256db2f77a5f4853abf9be3ca8f9 '   itemscope=\"itemscope\" itemtype=\"https:\/\/schema.org\/CreativeWork\" ><div class='avia_textblock'  itemprop=\"text\" ><h2>T\u00e9l\u00e9chargements<\/h2>\n<\/div><\/section><br \/>\n<div  class='togglecontainer av-c9przg-6d668e8fefec046bd0c5407847527244  avia-builder-el-6  el_after_av_textblock  avia-builder-el-last  toggle_close_all' >\n<section class='av_toggle_section av-av_toggle-6b3183e578b6b01919db455d066b5ae5'  itemscope=\"itemscope\" itemtype=\"https:\/\/schema.org\/CreativeWork\" ><div role=\"tablist\" class=\"single_toggle\" data-tags=\"{Tout} \"  ><p id='toggle-toggle-id-1' data-fake-id='#toggle-id-1' class='toggler  activeTitle av-title-above '  itemprop=\"headline\"  role='tab' tabindex='0' aria-controls='toggle-id-1' data-slide-speed=\"200\" data-title=\"Stabalux SOL\" data-title-open=\"\" data-aria_collapsed=\"Cliquez pour \u00e9tendre : Stabalux SOL\" data-aria_expanded=\"Cliquez pour r\u00e9duire : Stabalux SOL\">Stabalux SOL<span class=\"toggle_icon\"><span class=\"vert_icon\"><\/span><span class=\"hor_icon\"><\/span><\/span><\/p><div id='toggle-id-1' aria-labelledby='toggle-toggle-id-1' role='region' class='toggle_wrap  active_tc av-title-above' style='display:block;' ><div class='toggle_content invers-color '  itemprop=\"text\" ><p>\n<style type=\"text\/css\" data-created_by=\"avia_inline_auto\" id=\"style-css-av-9na7q4-78fa969572570501b1d9cbacc3faff6e\">\n.av_font_icon.av-9na7q4-78fa969572570501b1d9cbacc3faff6e{\ncolor:#000000;\nborder-color:#000000;\n}\n.avia-svg-icon.av-9na7q4-78fa969572570501b1d9cbacc3faff6e svg:first-child{\nstroke:#000000;\nfill:#000000;\n}\n.av_font_icon.av-9na7q4-78fa969572570501b1d9cbacc3faff6e .av-icon-char{\nfont-size:16px;\nline-height:16px;\n}\n<\/style>\n<span  class='av_font_icon av-9na7q4-78fa969572570501b1d9cbacc3faff6e avia_animate_when_visible av-icon-style- avia-icon-pos-left avia-iconfont avia-font-entypo-fontello avia-icon-animate'><span class='av-icon-char' data-av_icon='\ue850' data-av_iconfont='entypo-fontello' aria-hidden=\"true\" ><\/span><\/span> <a title=\"Stabalux Sonnenschutz Holz\" href=\"https:\/\/www.stabalux.com\/wp-content\/uploads\/PDF\/fr\/4.0%20SOL_FR.pdf\" target=\"_blank\" rel=\"noopener noreferrer\">Instructions de mise en oeuvre Bois<\/a><\/p>\n<p>\n<style type=\"text\/css\" data-created_by=\"avia_inline_auto\" id=\"style-css-av-71xnsc-e6bb4ddf4eade595e9a222d173869670\">\n.av_font_icon.av-71xnsc-e6bb4ddf4eade595e9a222d173869670{\ncolor:#000000;\nborder-color:#000000;\n}\n.avia-svg-icon.av-71xnsc-e6bb4ddf4eade595e9a222d173869670 svg:first-child{\nstroke:#000000;\nfill:#000000;\n}\n.av_font_icon.av-71xnsc-e6bb4ddf4eade595e9a222d173869670 .av-icon-char{\nfont-size:16px;\nline-height:16px;\n}\n<\/style>\n<span  class='av_font_icon av-71xnsc-e6bb4ddf4eade595e9a222d173869670 avia_animate_when_visible av-icon-style- avia-icon-pos-left avia-iconfont avia-font-entypo-fontello avia-icon-animate'><span class='av-icon-char' data-av_icon='\ue850' data-av_iconfont='entypo-fontello' aria-hidden=\"true\" ><\/span><\/span> <a title=\"Stabalux Sonnenschutz Stahl\" href=\"https:\/\/www.stabalux.com\/wp-content\/uploads\/PDF\/fr\/4.0%20SOL_Stahl_FR.pdf\" target=\"_blank\" rel=\"noopener noreferrer\">Instructions de mise en oeuvre Acier<\/a><\/p>\n<p>\n<style type=\"text\/css\" data-created_by=\"avia_inline_auto\" id=\"style-css-av-673eng-f248f6d379caac29b6367b4a4b54aed5\">\n.av_font_icon.av-673eng-f248f6d379caac29b6367b4a4b54aed5{\ncolor:#000000;\nborder-color:#000000;\n}\n.avia-svg-icon.av-673eng-f248f6d379caac29b6367b4a4b54aed5 svg:first-child{\nstroke:#000000;\nfill:#000000;\n}\n.av_font_icon.av-673eng-f248f6d379caac29b6367b4a4b54aed5 .av-icon-char{\nfont-size:16px;\nline-height:16px;\n}\n<\/style>\n<span  class='av_font_icon av-673eng-f248f6d379caac29b6367b4a4b54aed5 avia_animate_when_visible av-icon-style- avia-icon-pos-left avia-iconfont avia-font-entypo-fontello avia-icon-animate'><span class='av-icon-char' data-av_icon='\ue850' data-av_iconfont='entypo-fontello' aria-hidden=\"true\" ><\/span><\/span> <a title=\"Technische Informationen Holz\" href=\"https:\/\/www.stabalux.com\/wp-content\/uploads\/PDF\/fr\/9.0%20Stabalux_Wissenswertes%20Holz_FR.pdf\" target=\"_blank\" rel=\"noopener noreferrer\">Informations utiles bois<\/a><\/p>\n<p>\n<style type=\"text\/css\" data-created_by=\"avia_inline_auto\" id=\"style-css-av-1hfv0-e795b2931f48b257d79940dae3d5a9a6\">\n.av_font_icon.av-1hfv0-e795b2931f48b257d79940dae3d5a9a6{\ncolor:#000000;\nborder-color:#000000;\n}\n.avia-svg-icon.av-1hfv0-e795b2931f48b257d79940dae3d5a9a6 svg:first-child{\nstroke:#000000;\nfill:#000000;\n}\n.av_font_icon.av-1hfv0-e795b2931f48b257d79940dae3d5a9a6 .av-icon-char{\nfont-size:16px;\nline-height:16px;\n}\n<\/style>\n<span  class='av_font_icon av-1hfv0-e795b2931f48b257d79940dae3d5a9a6 avia_animate_when_visible av-icon-style- avia-icon-pos-left avia-iconfont avia-font-entypo-fontello avia-icon-animate'><span class='av-icon-char' data-av_icon='\ue850' data-av_iconfont='entypo-fontello' aria-hidden=\"true\" ><\/span><\/span> <a title=\"Technische Informationen Stahl\" href=\"https:\/\/www.stabalux.com\/wp-content\/uploads\/PDF\/fr\/9.0%20Stabalux_Wissenswertes%20Stahl_FR.pdf\" target=\"_blank\" rel=\"noopener noreferrer\">Informations utiles acier<\/a><\/p>\n<p>\n<style type=\"text\/css\" data-created_by=\"avia_inline_auto\" id=\"style-css-av-22l98c-a764a7ba5a20f79da1dbcc34fc4f3cb7\">\n.av_font_icon.av-22l98c-a764a7ba5a20f79da1dbcc34fc4f3cb7{\ncolor:#000000;\nborder-color:#000000;\n}\n.avia-svg-icon.av-22l98c-a764a7ba5a20f79da1dbcc34fc4f3cb7 svg:first-child{\nstroke:#000000;\nfill:#000000;\n}\n.av_font_icon.av-22l98c-a764a7ba5a20f79da1dbcc34fc4f3cb7 .av-icon-char{\nfont-size:16px;\nline-height:16px;\n}\n<\/style>\n<span  class='av_font_icon av-22l98c-a764a7ba5a20f79da1dbcc34fc4f3cb7 avia_animate_when_visible av-icon-style- avia-icon-pos-left avia-iconfont avia-font-entypo-fontello avia-icon-animate'><span class='av-icon-char' data-av_icon='\ue850' data-av_iconfont='entypo-fontello' aria-hidden=\"true\" ><\/span><\/span> <a title=\"DWG Dateien Sonnenschutz\" href=\"https:\/\/www.stabalux.com\/wp-content\/uploads\/DWG\/SOL.zip\" target=\"_blank\" rel=\"noopener noreferrer\">Dessins format dwg<\/a><\/p>\n<\/div><\/div><\/div><\/section>\n<\/div><\/p><\/div>\n","protected":false},"excerpt":{"rendered":"","protected":false},"author":1,"featured_media":0,"parent":1321,"menu_order":0,"comment_status":"closed","ping_status":"closed","template":"","meta":{"footnotes":""},"class_list":["post-3332","page","type-page","status-publish","hentry"],"yoast_head":"<!-- This site is optimized with the Yoast SEO plugin v27.4 - https:\/\/yoast.com\/product\/yoast-seo-wordpress\/ -->\n<title>Brise-Soleil | STABALUX SOL<\/title>\n<meta name=\"description\" content=\"Brise soleil au-devant des fa\u00e7ades vitr\u00e9es, des verri\u00e8res et des fen\u00eatres. Installation facile du brise soleil externe. Convient pour le syst\u00e8me bois-aluminium.\" \/>\n<meta name=\"robots\" content=\"index, follow, max-snippet:-1, max-image-preview:large, max-video-preview:-1\" \/>\n<link rel=\"canonical\" href=\"https:\/\/stabalux.com\/fr\/mur-rideau-verriere-bois\/brise-soleil\/\" \/>\n<meta property=\"og:locale\" content=\"fr_FR\" \/>\n<meta property=\"og:type\" content=\"article\" \/>\n<meta property=\"og:title\" content=\"Brise-Soleil | STABALUX SOL\" \/>\n<meta property=\"og:description\" content=\"Brise soleil au-devant des fa\u00e7ades vitr\u00e9es, des verri\u00e8res et des fen\u00eatres. Installation facile du brise soleil externe. Convient pour le syst\u00e8me bois-aluminium.\" \/>\n<meta property=\"og:url\" content=\"https:\/\/stabalux.com\/fr\/mur-rideau-verriere-bois\/brise-soleil\/\" \/>\n<meta property=\"og:site_name\" content=\"STABALUX\" \/>\n<meta property=\"article:modified_time\" content=\"2025-03-31T22:17:47+00:00\" \/>\n<meta name=\"twitter:label1\" content=\"Dur\u00e9e de lecture estim\u00e9e\" \/>\n\t<meta name=\"twitter:data1\" content=\"3 minutes\" \/>\n<script type=\"application\/ld+json\" class=\"yoast-schema-graph\">{\"@context\":\"https:\\\/\\\/schema.org\",\"@graph\":[{\"@type\":\"WebPage\",\"@id\":\"https:\\\/\\\/stabalux.com\\\/fr\\\/mur-rideau-verriere-bois\\\/brise-soleil\\\/\",\"url\":\"https:\\\/\\\/stabalux.com\\\/fr\\\/mur-rideau-verriere-bois\\\/brise-soleil\\\/\",\"name\":\"Brise-Soleil | STABALUX SOL\",\"isPartOf\":{\"@id\":\"https:\\\/\\\/stabalux.com\\\/fr\\\/#website\"},\"datePublished\":\"2015-01-08T10:40:44+00:00\",\"dateModified\":\"2025-03-31T22:17:47+00:00\",\"description\":\"Brise soleil au-devant des fa\u00e7ades vitr\u00e9es, des verri\u00e8res et des fen\u00eatres. Installation facile du brise soleil externe. Convient pour le syst\u00e8me bois-aluminium.\",\"breadcrumb\":{\"@id\":\"https:\\\/\\\/stabalux.com\\\/fr\\\/mur-rideau-verriere-bois\\\/brise-soleil\\\/#breadcrumb\"},\"inLanguage\":\"fr-FR\",\"potentialAction\":[{\"@type\":\"ReadAction\",\"target\":[\"https:\\\/\\\/stabalux.com\\\/fr\\\/mur-rideau-verriere-bois\\\/brise-soleil\\\/\"]}]},{\"@type\":\"BreadcrumbList\",\"@id\":\"https:\\\/\\\/stabalux.com\\\/fr\\\/mur-rideau-verriere-bois\\\/brise-soleil\\\/#breadcrumb\",\"itemListElement\":[{\"@type\":\"ListItem\",\"position\":1,\"name\":\"Startseite\",\"item\":\"https:\\\/\\\/stabalux.com\\\/fr\\\/\"},{\"@type\":\"ListItem\",\"position\":2,\"name\":\"Bois\",\"item\":\"https:\\\/\\\/stabalux.com\\\/fr\\\/mur-rideau-verriere-bois\\\/\"},{\"@type\":\"ListItem\",\"position\":3,\"name\":\"Stabalux SOL\"}]},{\"@type\":\"WebSite\",\"@id\":\"https:\\\/\\\/stabalux.com\\\/fr\\\/#website\",\"url\":\"https:\\\/\\\/stabalux.com\\\/fr\\\/\",\"name\":\"STABALUX\",\"description\":\"\",\"publisher\":{\"@id\":\"https:\\\/\\\/stabalux.com\\\/fr\\\/#organization\"},\"potentialAction\":[{\"@type\":\"SearchAction\",\"target\":{\"@type\":\"EntryPoint\",\"urlTemplate\":\"https:\\\/\\\/stabalux.com\\\/fr\\\/?s={search_term_string}\"},\"query-input\":{\"@type\":\"PropertyValueSpecification\",\"valueRequired\":true,\"valueName\":\"search_term_string\"}}],\"inLanguage\":\"fr-FR\"},{\"@type\":\"Organization\",\"@id\":\"https:\\\/\\\/stabalux.com\\\/fr\\\/#organization\",\"name\":\"Stabalux GmbH\",\"url\":\"https:\\\/\\\/stabalux.com\\\/fr\\\/\",\"logo\":{\"@type\":\"ImageObject\",\"inLanguage\":\"fr-FR\",\"@id\":\"https:\\\/\\\/stabalux.com\\\/fr\\\/#\\\/schema\\\/logo\\\/image\\\/\",\"url\":null,\"contentUrl\":null,\"width\":null,\"height\":null,\"caption\":\"Stabalux GmbH\"},\"image\":{\"@id\":\"https:\\\/\\\/stabalux.com\\\/fr\\\/#\\\/schema\\\/logo\\\/image\\\/\"},\"sameAs\":[\"https:\\\/\\\/www.instagram.com\\\/stabalux\\\/\",\"https:\\\/\\\/www.pinterest.de\\\/stabaluxgmbh\\\/\"]}]}<\/script>\n<!-- \/ Yoast SEO plugin. -->","yoast_head_json":{"title":"Brise-Soleil | STABALUX SOL","description":"Brise soleil au-devant des fa\u00e7ades vitr\u00e9es, des verri\u00e8res et des fen\u00eatres. Installation facile du brise soleil externe. Convient pour le syst\u00e8me bois-aluminium.","robots":{"index":"index","follow":"follow","max-snippet":"max-snippet:-1","max-image-preview":"max-image-preview:large","max-video-preview":"max-video-preview:-1"},"canonical":"https:\/\/stabalux.com\/fr\/mur-rideau-verriere-bois\/brise-soleil\/","og_locale":"fr_FR","og_type":"article","og_title":"Brise-Soleil | STABALUX SOL","og_description":"Brise soleil au-devant des fa\u00e7ades vitr\u00e9es, des verri\u00e8res et des fen\u00eatres. Installation facile du brise soleil externe. Convient pour le syst\u00e8me bois-aluminium.","og_url":"https:\/\/stabalux.com\/fr\/mur-rideau-verriere-bois\/brise-soleil\/","og_site_name":"STABALUX","article_modified_time":"2025-03-31T22:17:47+00:00","twitter_misc":{"Dur\u00e9e de lecture estim\u00e9e":"3 minutes"},"schema":{"@context":"https:\/\/schema.org","@graph":[{"@type":"WebPage","@id":"https:\/\/stabalux.com\/fr\/mur-rideau-verriere-bois\/brise-soleil\/","url":"https:\/\/stabalux.com\/fr\/mur-rideau-verriere-bois\/brise-soleil\/","name":"Brise-Soleil | STABALUX SOL","isPartOf":{"@id":"https:\/\/stabalux.com\/fr\/#website"},"datePublished":"2015-01-08T10:40:44+00:00","dateModified":"2025-03-31T22:17:47+00:00","description":"Brise soleil au-devant des fa\u00e7ades vitr\u00e9es, des verri\u00e8res et des fen\u00eatres. Installation facile du brise soleil externe. Convient pour le syst\u00e8me bois-aluminium.","breadcrumb":{"@id":"https:\/\/stabalux.com\/fr\/mur-rideau-verriere-bois\/brise-soleil\/#breadcrumb"},"inLanguage":"fr-FR","potentialAction":[{"@type":"ReadAction","target":["https:\/\/stabalux.com\/fr\/mur-rideau-verriere-bois\/brise-soleil\/"]}]},{"@type":"BreadcrumbList","@id":"https:\/\/stabalux.com\/fr\/mur-rideau-verriere-bois\/brise-soleil\/#breadcrumb","itemListElement":[{"@type":"ListItem","position":1,"name":"Startseite","item":"https:\/\/stabalux.com\/fr\/"},{"@type":"ListItem","position":2,"name":"Bois","item":"https:\/\/stabalux.com\/fr\/mur-rideau-verriere-bois\/"},{"@type":"ListItem","position":3,"name":"Stabalux SOL"}]},{"@type":"WebSite","@id":"https:\/\/stabalux.com\/fr\/#website","url":"https:\/\/stabalux.com\/fr\/","name":"STABALUX","description":"","publisher":{"@id":"https:\/\/stabalux.com\/fr\/#organization"},"potentialAction":[{"@type":"SearchAction","target":{"@type":"EntryPoint","urlTemplate":"https:\/\/stabalux.com\/fr\/?s={search_term_string}"},"query-input":{"@type":"PropertyValueSpecification","valueRequired":true,"valueName":"search_term_string"}}],"inLanguage":"fr-FR"},{"@type":"Organization","@id":"https:\/\/stabalux.com\/fr\/#organization","name":"Stabalux GmbH","url":"https:\/\/stabalux.com\/fr\/","logo":{"@type":"ImageObject","inLanguage":"fr-FR","@id":"https:\/\/stabalux.com\/fr\/#\/schema\/logo\/image\/","url":null,"contentUrl":null,"width":null,"height":null,"caption":"Stabalux GmbH"},"image":{"@id":"https:\/\/stabalux.com\/fr\/#\/schema\/logo\/image\/"},"sameAs":["https:\/\/www.instagram.com\/stabalux\/","https:\/\/www.pinterest.de\/stabaluxgmbh\/"]}]}},"_links":{"self":[{"href":"https:\/\/stabalux.com\/fr\/wp-json\/wp\/v2\/pages\/3332","targetHints":{"allow":["GET"]}}],"collection":[{"href":"https:\/\/stabalux.com\/fr\/wp-json\/wp\/v2\/pages"}],"about":[{"href":"https:\/\/stabalux.com\/fr\/wp-json\/wp\/v2\/types\/page"}],"author":[{"embeddable":true,"href":"https:\/\/stabalux.com\/fr\/wp-json\/wp\/v2\/users\/1"}],"replies":[{"embeddable":true,"href":"https:\/\/stabalux.com\/fr\/wp-json\/wp\/v2\/comments?post=3332"}],"version-history":[{"count":1,"href":"https:\/\/stabalux.com\/fr\/wp-json\/wp\/v2\/pages\/3332\/revisions"}],"predecessor-version":[{"id":13534,"href":"https:\/\/stabalux.com\/fr\/wp-json\/wp\/v2\/pages\/3332\/revisions\/13534"}],"up":[{"embeddable":true,"href":"https:\/\/stabalux.com\/fr\/wp-json\/wp\/v2\/pages\/1321"}],"wp:attachment":[{"href":"https:\/\/stabalux.com\/fr\/wp-json\/wp\/v2\/media?parent=3332"}],"curies":[{"name":"wp","href":"https:\/\/api.w.org\/{rel}","templated":true}]}}