{"id":3264,"date":"2014-10-31T12:14:19","date_gmt":"2014-10-31T11:14:19","guid":{"rendered":"https:\/\/www.stabalux.com\/?page_id=3264"},"modified":"2025-04-01T00:17:06","modified_gmt":"2025-03-31T22:17:06","slug":"tubes-visser","status":"publish","type":"page","link":"https:\/\/stabalux.com\/fr\/faq\/tubes-visser\/","title":{"rendered":"Tubes \u00e0 visser"},"content":{"rendered":"\n<style type=\"text\/css\" data-created_by=\"avia_inline_auto\" id=\"style-css-av-av_section-4dc66dc4094d8071e4762ce03e0e0470\">\n.avia-section.av-av_section-4dc66dc4094d8071e4762ce03e0e0470{\nbackground-repeat:no-repeat;\nbackground-image:url(https:\/\/stabalux.com\/wp-content\/uploads\/2014\/10\/blurred_bg.jpg);\nbackground-position:50% 100%;\nbackground-attachment:scroll;\n}\n<\/style>\n<div id='av_section_1'  class='avia-section av-av_section-4dc66dc4094d8071e4762ce03e0e0470 main_color avia-section-default avia-shadow  avia-builder-el-0  el_before_av_two_third  avia-builder-el-first  avia-full-stretch avia-bg-style-scroll container_wrap fullsize'  data-section-bg-repeat='stretch'><div class='container av-section-cont-open' ><main  role=\"main\" itemprop=\"mainContentOfPage\"  class='template-page content  av-content-full alpha units'><div class='post-entry post-entry-type-page post-entry-3264'><div class='entry-content-wrapper clearfix'>\n<div  class='flex_column av-av_one_full-2a9015ff38129c418a3f2eafba3e9512 av_one_full  avia-builder-el-1  avia-builder-el-no-sibling  first flex_column_div  '     ><style type=\"text\/css\" data-created_by=\"avia_inline_auto\" id=\"style-css-av-av_heading-961d8e5664a573d7d50944d3ef69aafd\">\n#top .av-special-heading.av-av_heading-961d8e5664a573d7d50944d3ef69aafd{\npadding-bottom:0;\ncolor:#ffffff;\nfont-size:48px;\n}\nbody .av-special-heading.av-av_heading-961d8e5664a573d7d50944d3ef69aafd .av-special-heading-tag .heading-char{\nfont-size:25px;\n}\n#top #wrap_all .av-special-heading.av-av_heading-961d8e5664a573d7d50944d3ef69aafd .av-special-heading-tag{\nfont-size:48px;\n}\n.av-special-heading.av-av_heading-961d8e5664a573d7d50944d3ef69aafd .special-heading-inner-border{\nborder-color:#ffffff;\n}\n.av-special-heading.av-av_heading-961d8e5664a573d7d50944d3ef69aafd .av-subheading{\nfont-size:15px;\n}\n\n@media only screen and (min-width: 480px) and (max-width: 767px){ \n#top #wrap_all .av-special-heading.av-av_heading-961d8e5664a573d7d50944d3ef69aafd .av-special-heading-tag{\nfont-size:0.8em;\n}\n}\n\n@media only screen and (max-width: 479px){ \n#top #wrap_all .av-special-heading.av-av_heading-961d8e5664a573d7d50944d3ef69aafd .av-special-heading-tag{\nfont-size:0.8em;\n}\n}\n<\/style>\n<div  class='av-special-heading av-av_heading-961d8e5664a573d7d50944d3ef69aafd av-special-heading-h1 custom-color-heading blockquote modern-quote  avia-builder-el-2  avia-builder-el-no-sibling  av-inherit-size'><h1 class='av-special-heading-tag '  itemprop=\"headline\"  >Foire aux questions<\/h1><div class=\"special-heading-border\"><div class=\"special-heading-inner-border\"><\/div><\/div><\/div><\/div>\n<\/div><\/div><\/main><!-- close content main element --><\/div><\/div><div id='after_section_1'  class='main_color av_default_container_wrap container_wrap fullsize'  ><div class='container av-section-cont-open' ><div class='template-page content  av-content-full alpha units'><div class='post-entry post-entry-type-page post-entry-3264'><div class='entry-content-wrapper clearfix'>\n<div  class='flex_column av-av_two_third-2a9015ff38129c418a3f2eafba3e9512 av_two_third  avia-builder-el-3  el_after_av_section  el_before_av_one_third  avia-builder-el-first  first flex_column_div  '     ><div  class='togglecontainer av-av_toggle_container-8e0c6e39d39b619a829887bd54fff3ed  avia-builder-el-4  avia-builder-el-no-sibling  toggle_close_all' >\n<section class='av_toggle_section av-av_toggle-560f88611278bfbae2ef5fb25ed3dca5'  itemscope=\"itemscope\" itemtype=\"https:\/\/schema.org\/CreativeWork\" ><div role=\"tablist\" class=\"single_toggle\" data-tags=\"{Tout} \"  ><p id='toggle-toggle-id-1' data-fake-id='#toggle-id-1' class='toggler  av-title-above '  itemprop=\"headline\"  role='tab' tabindex='0' aria-controls='toggle-id-1' data-slide-speed=\"200\" data-title=\"Est-ce que les tubes \u00e0 visser (profils SR) ont un avis technique ? \" data-title-open=\"\" data-aria_collapsed=\"Cliquez pour \u00e9tendre : Est-ce que les tubes \u00e0 visser (profils SR) ont un avis technique ? \" data-aria_expanded=\"Cliquez pour r\u00e9duire : Est-ce que les tubes \u00e0 visser (profils SR) ont un avis technique ? \">Est-ce que les tubes \u00e0 visser (profils SR) ont un avis technique ? <span class=\"toggle_icon\"><span class=\"vert_icon\"><\/span><span class=\"hor_icon\"><\/span><\/span><\/p><div id='toggle-id-1' aria-labelledby='toggle-toggle-id-1' role='region' class='toggle_wrap  av-title-above'  ><div class='toggle_content invers-color '  itemprop=\"text\" ><p>Oui pour verri\u00e8re (inclinaison jusqu\u2019\u00e0 2\u00b0) et fa\u00e7ade.<\/p>\n<\/div><\/div><\/div><\/section>\n<section class='av_toggle_section av-av_toggle-4a9b411161d3e741bbae9c9de9694fa7'  itemscope=\"itemscope\" itemtype=\"https:\/\/schema.org\/CreativeWork\" ><div role=\"tablist\" class=\"single_toggle\" data-tags=\"{Tout} \"  ><p id='toggle-toggle-id-2' data-fake-id='#toggle-id-2' class='toggler  av-title-above '  itemprop=\"headline\"  role='tab' tabindex='0' aria-controls='toggle-id-2' data-slide-speed=\"200\" data-title=\"En quelle mati\u00e8re les tubes SR sont-ils fabriqu\u00e9s ?\" data-title-open=\"\" data-aria_collapsed=\"Cliquez pour \u00e9tendre : En quelle mati\u00e8re les tubes SR sont-ils fabriqu\u00e9s ?\" data-aria_expanded=\"Cliquez pour r\u00e9duire : En quelle mati\u00e8re les tubes SR sont-ils fabriqu\u00e9s ?\">En quelle mati\u00e8re les tubes SR sont-ils fabriqu\u00e9s ?<span class=\"toggle_icon\"><span class=\"vert_icon\"><\/span><span class=\"hor_icon\"><\/span><\/span><\/p><div id='toggle-id-2' aria-labelledby='toggle-toggle-id-2' role='region' class='toggle_wrap  av-title-above'  ><div class='toggle_content invers-color '  itemprop=\"text\" ><p>Les tubes SR sont fabriqu\u00e9s par proc\u00e9d\u00e9 de laminage avec les deux c\u00f4t\u00e9s galvanis\u00e9s et de qualit\u00e9 S280GD + Z.<\/p>\n<p>La couche de zinc est d\u2019environ 20 mm par c\u00f4t\u00e9. Cela correspond \u00e0 un rev\u00eatement de zinc total de 275 g \/ m\u00b2<\/p>\n<p>L\u2019utilisation de la nuance d\u2019acier S280GD+Z (EN 10326) est selon les normes NF EN 1993-1-3 et NF EN 1993-1-3\/NA autoris\u00e9e.<\/p>\n<\/div><\/div><\/div><\/section>\n<section class='av_toggle_section av-av_toggle-779c5796ba38522ba54fb04630b0605e'  itemscope=\"itemscope\" itemtype=\"https:\/\/schema.org\/CreativeWork\" ><div role=\"tablist\" class=\"single_toggle\" data-tags=\"{Tout} \"  ><p id='toggle-toggle-id-3' data-fake-id='#toggle-id-3' class='toggler  av-title-above '  itemprop=\"headline\"  role='tab' tabindex='0' aria-controls='toggle-id-3' data-slide-speed=\"200\" data-title=\"Selon quelle norme la statique est-elle en conformit\u00e9 ?\" data-title-open=\"\" data-aria_collapsed=\"Cliquez pour \u00e9tendre : Selon quelle norme la statique est-elle en conformit\u00e9 ?\" data-aria_expanded=\"Cliquez pour r\u00e9duire : Selon quelle norme la statique est-elle en conformit\u00e9 ?\">Selon quelle norme la statique est-elle en conformit\u00e9 ?<span class=\"toggle_icon\"><span class=\"vert_icon\"><\/span><span class=\"hor_icon\"><\/span><\/span><\/p><div id='toggle-id-3' aria-labelledby='toggle-toggle-id-3' role='region' class='toggle_wrap  av-title-above'  ><div class='toggle_content invers-color '  itemprop=\"text\" ><p>Les tubes \u00e0 visser se diff\u00e9rencient des tubes creux rectangulaires uniquement par la pr\u00e9sence d\u2019un canal de vissage int\u00e9gr\u00e9. Ainsi, leur comportement \u00e0 la r\u00e9sistance correspond \u00e0 celui des profils creux.<\/p>\n<p>Le dimensionnement des tubes creux rectangulaire sera \u00e9tabli selon la norme NF EN 1993-1-3 et EN 1993-1-8.<\/p>\n<p>Ainsi la structure de la fa\u00e7ade utilisant des tubes \u00e0 visser peut \u00eatre v\u00e9rifi\u00e9e avec l\u00b4EUROCODE 3.<\/p>\n<\/div><\/div><\/div><\/section>\n<section class='av_toggle_section av-av_toggle-cc42b1f3c732b67723941f85faa4ed02'  itemscope=\"itemscope\" itemtype=\"https:\/\/schema.org\/CreativeWork\" ><div role=\"tablist\" class=\"single_toggle\" data-tags=\"{Tout} \"  ><p id='toggle-toggle-id-4' data-fake-id='#toggle-id-4' class='toggler  av-title-above '  itemprop=\"headline\"  role='tab' tabindex='0' aria-controls='toggle-id-4' data-slide-speed=\"200\" data-title=\"Est-ce que les profil\u00e9s SR peuvent \u00eatre soud\u00e9s ?\" data-title-open=\"\" data-aria_collapsed=\"Cliquez pour \u00e9tendre : Est-ce que les profil\u00e9s SR peuvent \u00eatre soud\u00e9s ?\" data-aria_expanded=\"Cliquez pour r\u00e9duire : Est-ce que les profil\u00e9s SR peuvent \u00eatre soud\u00e9s ?\">Est-ce que les profil\u00e9s SR peuvent \u00eatre soud\u00e9s ?<span class=\"toggle_icon\"><span class=\"vert_icon\"><\/span><span class=\"hor_icon\"><\/span><\/span><\/p><div id='toggle-id-4' aria-labelledby='toggle-toggle-id-4' role='region' class='toggle_wrap  av-title-above'  ><div class='toggle_content invers-color '  itemprop=\"text\" ><p>Les points de soudures sont \u00e0 calculer et \u00e0 contr\u00f4ler selon la norme NF EN 1993-1-8. Il faut aussi respecter les instructions du paragraphe 4.14 \u201c Soudure \u00e0 froid \u201c. La nuance d\u2019acier peut \u00eatre class\u00e9e comme \u00ab\u00a0acier calm\u00e9 par de l\u2019aluminium\u00a0\u00bb.<\/p>\n<\/div><\/div><\/div><\/section>\n<\/div><\/div>\n<div  class='flex_column av-av_one_third-cae1f7b2f72c6a5cdf3719c4a548253a av_one_third  avia-builder-el-5  el_after_av_two_third  el_before_av_two_third  flex_column_div  '     ><section  class='av_textblock_section av-av_textblock-ba4cc767715a2b63b6f3c262251710c0 '   itemscope=\"itemscope\" itemtype=\"https:\/\/schema.org\/CreativeWork\" ><div class='avia_textblock faq_navi'  itemprop=\"text\" ><h2>Autres sujets<\/h2>\n<ul>\n<li><a title=\"Syst\u00e8mes\" href=\"https:\/\/www.stabalux.com\/fr\/faq\/systemes\/\">Syst\u00e8mes<\/a><\/li>\n<li><a title=\"Syst\u00e8me d\u2019\u00e9tanch\u00e9it\u00e9\" href=\"https:\/\/www.stabalux.com\/fr\/faq\/systeme-detancheite\/\">Syst\u00e8me d\u2019\u00e9tanch\u00e9it\u00e9<\/a><\/li>\n<li><a class=\"act\" title=\"Tubes \u00e0 visser\" href=\"https:\/\/www.stabalux.com\/fr\/faq\/tubes-visser\/\">Tubes \u00e0 visser<\/a><\/li>\n<li><a title=\"Prise en feuillure\" href=\"https:\/\/www.stabalux.com\/fr\/faq\/prise-en-feuillure\/\">Prise en feuillure<\/a><\/li>\n<li><a title=\"Serreurs\" href=\"https:\/\/www.stabalux.com\/fr\/faq\/serreurs\/\">Serreurs<\/a><\/li>\n<li><a title=\"Isolation thermique\" href=\"https:\/\/www.stabalux.com\/fr\/faq\/isolation-thermique\/\">Isolation thermique<\/a><\/li>\n<li><a title=\"Livraison\" href=\"https:\/\/www.stabalux.com\/fr\/faq\/livraison\/\">Livraison<\/a><\/li>\n<\/ul>\n<\/div><\/section><\/div><div  class='flex_column av-av_two_third-2a9015ff38129c418a3f2eafba3e9512 av_two_third  avia-builder-el-7  el_after_av_one_third  avia-builder-el-last  first flex_column_div  column-top-margin'     ><p>\n<style type=\"text\/css\" data-created_by=\"avia_inline_auto\" id=\"style-css-av-av_heading-47fe87d7233c6e91c61f375d80a5454b\">\n#top .av-special-heading.av-av_heading-47fe87d7233c6e91c61f375d80a5454b{\npadding-bottom:10px;\n}\nbody .av-special-heading.av-av_heading-47fe87d7233c6e91c61f375d80a5454b .av-special-heading-tag .heading-char{\nfont-size:25px;\n}\n.av-special-heading.av-av_heading-47fe87d7233c6e91c61f375d80a5454b .av-subheading{\nfont-size:15px;\n}\n<\/style>\n<div  class='av-special-heading av-av_heading-47fe87d7233c6e91c61f375d80a5454b av-special-heading-h3  avia-builder-el-8  el_before_av_textblock  avia-builder-el-first '><h3 class='av-special-heading-tag '  itemprop=\"headline\"  >Vous n\u2019avez pas trouv\u00e9 votre question ?<\/h3><div class=\"special-heading-border\"><div class=\"special-heading-inner-border\"><\/div><\/div><\/div><br \/>\n<section  class='av_textblock_section av-av_textblock-0366cc7376be6c9e82a3e9cc8987b64f '   itemscope=\"itemscope\" itemtype=\"https:\/\/schema.org\/CreativeWork\" ><div class='avia_textblock'  itemprop=\"text\" ><p>Dans le cas o\u00f9 nous n\u2019avons pas r\u00e9pondu \u00e0 votre question, envoyez la nous tout simplement par email.<br \/>\nUn des membres de notre \u00e9quipe va se mettre en contact avec vous et votre question sera int\u00e9gr\u00e9e sous peu \u00e0 notre liste.<\/p>\n<\/div><\/section><br \/>\n<div  class='avia-button-wrap av-av_button-9f2407d7256631cb50e5172106bcd739-wrap avia-button-left  avia-builder-el-10  el_after_av_textblock  avia-builder-el-last '><a href='mailto:faq@stabalux.com'  class='avia-button av-av_button-9f2407d7256631cb50e5172106bcd739 av-link-btn avia-icon_select-yes-left-icon avia-size-medium avia-position-left avia-color-theme-color'  target=\"_blank\"  rel=\"noopener noreferrer\"  aria-label=\"Envoyer la question\"><span class='avia_button_icon avia_button_icon_left avia-iconfont avia-font-entypo-fontello' data-av_icon='\ue8b7' data-av_iconfont='entypo-fontello' ><\/span><span class='avia_iconbox_title' >Envoyer la question<\/span><\/a><\/div><\/p><\/div><\/p>\n","protected":false},"excerpt":{"rendered":"","protected":false},"author":1,"featured_media":0,"parent":3258,"menu_order":0,"comment_status":"open","ping_status":"closed","template":"","meta":{"footnotes":""},"class_list":["post-3264","page","type-page","status-publish","hentry"],"yoast_head":"<!-- This site is optimized with the Yoast SEO plugin v27.4 - https:\/\/yoast.com\/product\/yoast-seo-wordpress\/ -->\n<title>Tubes \u00e0 visser | STABALUX<\/title>\n<meta name=\"robots\" content=\"index, follow, max-snippet:-1, max-image-preview:large, max-video-preview:-1\" \/>\n<link rel=\"canonical\" href=\"https:\/\/stabalux.com\/fr\/faq\/tubes-visser\/\" \/>\n<meta property=\"og:locale\" content=\"fr_FR\" \/>\n<meta property=\"og:type\" content=\"article\" \/>\n<meta property=\"og:title\" content=\"Tubes \u00e0 visser | STABALUX\" \/>\n<meta property=\"og:url\" content=\"https:\/\/stabalux.com\/fr\/faq\/tubes-visser\/\" \/>\n<meta property=\"og:site_name\" content=\"STABALUX\" \/>\n<meta property=\"article:modified_time\" content=\"2025-03-31T22:17:06+00:00\" \/>\n<meta name=\"twitter:label1\" content=\"Dur\u00e9e de lecture estim\u00e9e\" \/>\n\t<meta name=\"twitter:data1\" content=\"3 minutes\" \/>\n<script type=\"application\/ld+json\" class=\"yoast-schema-graph\">{\"@context\":\"https:\\\/\\\/schema.org\",\"@graph\":[{\"@type\":\"WebPage\",\"@id\":\"https:\\\/\\\/stabalux.com\\\/fr\\\/faq\\\/tubes-visser\\\/\",\"url\":\"https:\\\/\\\/stabalux.com\\\/fr\\\/faq\\\/tubes-visser\\\/\",\"name\":\"Tubes \u00e0 visser | STABALUX\",\"isPartOf\":{\"@id\":\"https:\\\/\\\/stabalux.com\\\/fr\\\/#website\"},\"datePublished\":\"2014-10-31T11:14:19+00:00\",\"dateModified\":\"2025-03-31T22:17:06+00:00\",\"breadcrumb\":{\"@id\":\"https:\\\/\\\/stabalux.com\\\/fr\\\/faq\\\/tubes-visser\\\/#breadcrumb\"},\"inLanguage\":\"fr-FR\",\"potentialAction\":[{\"@type\":\"ReadAction\",\"target\":[\"https:\\\/\\\/stabalux.com\\\/fr\\\/faq\\\/tubes-visser\\\/\"]}]},{\"@type\":\"BreadcrumbList\",\"@id\":\"https:\\\/\\\/stabalux.com\\\/fr\\\/faq\\\/tubes-visser\\\/#breadcrumb\",\"itemListElement\":[{\"@type\":\"ListItem\",\"position\":1,\"name\":\"Startseite\",\"item\":\"https:\\\/\\\/stabalux.com\\\/fr\\\/\"},{\"@type\":\"ListItem\",\"position\":2,\"name\":\"FAQ\",\"item\":\"https:\\\/\\\/stabalux.com\\\/fr\\\/wissen-glasfassade\\\/faq\\\/\"},{\"@type\":\"ListItem\",\"position\":3,\"name\":\"Tubes \u00e0 visser\"}]},{\"@type\":\"WebSite\",\"@id\":\"https:\\\/\\\/stabalux.com\\\/fr\\\/#website\",\"url\":\"https:\\\/\\\/stabalux.com\\\/fr\\\/\",\"name\":\"STABALUX\",\"description\":\"\",\"publisher\":{\"@id\":\"https:\\\/\\\/stabalux.com\\\/fr\\\/#organization\"},\"potentialAction\":[{\"@type\":\"SearchAction\",\"target\":{\"@type\":\"EntryPoint\",\"urlTemplate\":\"https:\\\/\\\/stabalux.com\\\/fr\\\/?s={search_term_string}\"},\"query-input\":{\"@type\":\"PropertyValueSpecification\",\"valueRequired\":true,\"valueName\":\"search_term_string\"}}],\"inLanguage\":\"fr-FR\"},{\"@type\":\"Organization\",\"@id\":\"https:\\\/\\\/stabalux.com\\\/fr\\\/#organization\",\"name\":\"Stabalux GmbH\",\"url\":\"https:\\\/\\\/stabalux.com\\\/fr\\\/\",\"logo\":{\"@type\":\"ImageObject\",\"inLanguage\":\"fr-FR\",\"@id\":\"https:\\\/\\\/stabalux.com\\\/fr\\\/#\\\/schema\\\/logo\\\/image\\\/\",\"url\":null,\"contentUrl\":null,\"width\":null,\"height\":null,\"caption\":\"Stabalux GmbH\"},\"image\":{\"@id\":\"https:\\\/\\\/stabalux.com\\\/fr\\\/#\\\/schema\\\/logo\\\/image\\\/\"},\"sameAs\":[\"https:\\\/\\\/www.instagram.com\\\/stabalux\\\/\",\"https:\\\/\\\/www.pinterest.de\\\/stabaluxgmbh\\\/\"]}]}<\/script>\n<!-- \/ Yoast SEO plugin. -->","yoast_head_json":{"title":"Tubes \u00e0 visser | STABALUX","robots":{"index":"index","follow":"follow","max-snippet":"max-snippet:-1","max-image-preview":"max-image-preview:large","max-video-preview":"max-video-preview:-1"},"canonical":"https:\/\/stabalux.com\/fr\/faq\/tubes-visser\/","og_locale":"fr_FR","og_type":"article","og_title":"Tubes \u00e0 visser | STABALUX","og_url":"https:\/\/stabalux.com\/fr\/faq\/tubes-visser\/","og_site_name":"STABALUX","article_modified_time":"2025-03-31T22:17:06+00:00","twitter_misc":{"Dur\u00e9e de lecture estim\u00e9e":"3 minutes"},"schema":{"@context":"https:\/\/schema.org","@graph":[{"@type":"WebPage","@id":"https:\/\/stabalux.com\/fr\/faq\/tubes-visser\/","url":"https:\/\/stabalux.com\/fr\/faq\/tubes-visser\/","name":"Tubes \u00e0 visser | STABALUX","isPartOf":{"@id":"https:\/\/stabalux.com\/fr\/#website"},"datePublished":"2014-10-31T11:14:19+00:00","dateModified":"2025-03-31T22:17:06+00:00","breadcrumb":{"@id":"https:\/\/stabalux.com\/fr\/faq\/tubes-visser\/#breadcrumb"},"inLanguage":"fr-FR","potentialAction":[{"@type":"ReadAction","target":["https:\/\/stabalux.com\/fr\/faq\/tubes-visser\/"]}]},{"@type":"BreadcrumbList","@id":"https:\/\/stabalux.com\/fr\/faq\/tubes-visser\/#breadcrumb","itemListElement":[{"@type":"ListItem","position":1,"name":"Startseite","item":"https:\/\/stabalux.com\/fr\/"},{"@type":"ListItem","position":2,"name":"FAQ","item":"https:\/\/stabalux.com\/fr\/wissen-glasfassade\/faq\/"},{"@type":"ListItem","position":3,"name":"Tubes \u00e0 visser"}]},{"@type":"WebSite","@id":"https:\/\/stabalux.com\/fr\/#website","url":"https:\/\/stabalux.com\/fr\/","name":"STABALUX","description":"","publisher":{"@id":"https:\/\/stabalux.com\/fr\/#organization"},"potentialAction":[{"@type":"SearchAction","target":{"@type":"EntryPoint","urlTemplate":"https:\/\/stabalux.com\/fr\/?s={search_term_string}"},"query-input":{"@type":"PropertyValueSpecification","valueRequired":true,"valueName":"search_term_string"}}],"inLanguage":"fr-FR"},{"@type":"Organization","@id":"https:\/\/stabalux.com\/fr\/#organization","name":"Stabalux GmbH","url":"https:\/\/stabalux.com\/fr\/","logo":{"@type":"ImageObject","inLanguage":"fr-FR","@id":"https:\/\/stabalux.com\/fr\/#\/schema\/logo\/image\/","url":null,"contentUrl":null,"width":null,"height":null,"caption":"Stabalux GmbH"},"image":{"@id":"https:\/\/stabalux.com\/fr\/#\/schema\/logo\/image\/"},"sameAs":["https:\/\/www.instagram.com\/stabalux\/","https:\/\/www.pinterest.de\/stabaluxgmbh\/"]}]}},"_links":{"self":[{"href":"https:\/\/stabalux.com\/fr\/wp-json\/wp\/v2\/pages\/3264","targetHints":{"allow":["GET"]}}],"collection":[{"href":"https:\/\/stabalux.com\/fr\/wp-json\/wp\/v2\/pages"}],"about":[{"href":"https:\/\/stabalux.com\/fr\/wp-json\/wp\/v2\/types\/page"}],"author":[{"embeddable":true,"href":"https:\/\/stabalux.com\/fr\/wp-json\/wp\/v2\/users\/1"}],"replies":[{"embeddable":true,"href":"https:\/\/stabalux.com\/fr\/wp-json\/wp\/v2\/comments?post=3264"}],"version-history":[{"count":1,"href":"https:\/\/stabalux.com\/fr\/wp-json\/wp\/v2\/pages\/3264\/revisions"}],"predecessor-version":[{"id":13494,"href":"https:\/\/stabalux.com\/fr\/wp-json\/wp\/v2\/pages\/3264\/revisions\/13494"}],"up":[{"embeddable":true,"href":"https:\/\/stabalux.com\/fr\/wp-json\/wp\/v2\/pages\/3258"}],"wp:attachment":[{"href":"https:\/\/stabalux.com\/fr\/wp-json\/wp\/v2\/media?parent=3264"}],"curies":[{"name":"wp","href":"https:\/\/api.w.org\/{rel}","templated":true}]}}