{"id":3259,"date":"2014-10-31T12:13:57","date_gmt":"2014-10-31T11:13:57","guid":{"rendered":"https:\/\/www.stabalux.com\/?page_id=3259"},"modified":"2025-04-01T00:17:05","modified_gmt":"2025-03-31T22:17:05","slug":"systeme-detancheite","status":"publish","type":"page","link":"https:\/\/stabalux.com\/fr\/faq\/systeme-detancheite\/","title":{"rendered":"Syst\u00e8me d\u2019\u00e9tanch\u00e9it\u00e9"},"content":{"rendered":"\n<style type=\"text\/css\" data-created_by=\"avia_inline_auto\" id=\"style-css-av-av_section-4dc66dc4094d8071e4762ce03e0e0470\">\n.avia-section.av-av_section-4dc66dc4094d8071e4762ce03e0e0470{\nbackground-repeat:no-repeat;\nbackground-image:url(https:\/\/stabalux.com\/wp-content\/uploads\/2014\/10\/blurred_bg.jpg);\nbackground-position:50% 100%;\nbackground-attachment:scroll;\n}\n<\/style>\n<div id='av_section_1'  class='avia-section av-av_section-4dc66dc4094d8071e4762ce03e0e0470 main_color avia-section-default avia-shadow  avia-builder-el-0  el_before_av_two_third  avia-builder-el-first  avia-full-stretch avia-bg-style-scroll container_wrap fullsize'  data-section-bg-repeat='stretch'><div class='container av-section-cont-open' ><main  role=\"main\" itemprop=\"mainContentOfPage\"  class='template-page content  av-content-full alpha units'><div class='post-entry post-entry-type-page post-entry-3259'><div class='entry-content-wrapper clearfix'>\n<div  class='flex_column av-av_one_full-2a9015ff38129c418a3f2eafba3e9512 av_one_full  avia-builder-el-1  avia-builder-el-no-sibling  first flex_column_div  '     ><style type=\"text\/css\" data-created_by=\"avia_inline_auto\" id=\"style-css-av-av_heading-961d8e5664a573d7d50944d3ef69aafd\">\n#top .av-special-heading.av-av_heading-961d8e5664a573d7d50944d3ef69aafd{\npadding-bottom:0;\ncolor:#ffffff;\nfont-size:48px;\n}\nbody .av-special-heading.av-av_heading-961d8e5664a573d7d50944d3ef69aafd .av-special-heading-tag .heading-char{\nfont-size:25px;\n}\n#top #wrap_all .av-special-heading.av-av_heading-961d8e5664a573d7d50944d3ef69aafd .av-special-heading-tag{\nfont-size:48px;\n}\n.av-special-heading.av-av_heading-961d8e5664a573d7d50944d3ef69aafd .special-heading-inner-border{\nborder-color:#ffffff;\n}\n.av-special-heading.av-av_heading-961d8e5664a573d7d50944d3ef69aafd .av-subheading{\nfont-size:15px;\n}\n\n@media only screen and (min-width: 480px) and (max-width: 767px){ \n#top #wrap_all .av-special-heading.av-av_heading-961d8e5664a573d7d50944d3ef69aafd .av-special-heading-tag{\nfont-size:0.8em;\n}\n}\n\n@media only screen and (max-width: 479px){ \n#top #wrap_all .av-special-heading.av-av_heading-961d8e5664a573d7d50944d3ef69aafd .av-special-heading-tag{\nfont-size:0.8em;\n}\n}\n<\/style>\n<div  class='av-special-heading av-av_heading-961d8e5664a573d7d50944d3ef69aafd av-special-heading-h1 custom-color-heading blockquote modern-quote  avia-builder-el-2  avia-builder-el-no-sibling  av-inherit-size'><h1 class='av-special-heading-tag '  itemprop=\"headline\"  >Foire aux questions<\/h1><div class=\"special-heading-border\"><div class=\"special-heading-inner-border\"><\/div><\/div><\/div><\/div>\n<\/div><\/div><\/main><!-- close content main element --><\/div><\/div><div id='after_section_1'  class='main_color av_default_container_wrap container_wrap fullsize'  ><div class='container av-section-cont-open' ><div class='template-page content  av-content-full alpha units'><div class='post-entry post-entry-type-page post-entry-3259'><div class='entry-content-wrapper clearfix'>\n<div  class='flex_column av-av_two_third-2a9015ff38129c418a3f2eafba3e9512 av_two_third  avia-builder-el-3  el_after_av_section  el_before_av_one_third  avia-builder-el-first  first flex_column_div  '     ><div  class='togglecontainer av-av_toggle_container-8e0c6e39d39b619a829887bd54fff3ed  avia-builder-el-4  avia-builder-el-no-sibling  toggle_close_all' >\n<section class='av_toggle_section av-av_toggle-7ac8cb009b5b996d860ecbc2b492179b'  itemscope=\"itemscope\" itemtype=\"https:\/\/schema.org\/CreativeWork\" ><div role=\"tablist\" class=\"single_toggle\" data-tags=\"{Tout} \"  ><p id='toggle-toggle-id-1' data-fake-id='#toggle-id-1' class='toggler  av-title-above '  itemprop=\"headline\"  role='tab' tabindex='0' aria-controls='toggle-id-1' data-slide-speed=\"200\" data-title=\"Quel traitement de surface subissent les joints ?\" data-title-open=\"\" data-aria_collapsed=\"Cliquez pour \u00e9tendre : Quel traitement de surface subissent les joints ?\" data-aria_expanded=\"Cliquez pour r\u00e9duire : Quel traitement de surface subissent les joints ?\">Quel traitement de surface subissent les joints ?<span class=\"toggle_icon\"><span class=\"vert_icon\"><\/span><span class=\"hor_icon\"><\/span><\/span><\/p><div id='toggle-id-1' aria-labelledby='toggle-toggle-id-1' role='region' class='toggle_wrap  av-title-above'  ><div class='toggle_content invers-color '  itemprop=\"text\" ><p>Les joints EPDM sont g\u00e9n\u00e9ralement silicon\u00e9s ou secs. La surface des joints livr\u00e9s par Stabalux est s\u00e8che.<\/p>\n<\/div><\/div><\/div><\/section>\n<section class='av_toggle_section av-av_toggle-27d572d64ef5067063dde906be7c08a0'  itemscope=\"itemscope\" itemtype=\"https:\/\/schema.org\/CreativeWork\" ><div role=\"tablist\" class=\"single_toggle\" data-tags=\"{Tout} \"  ><p id='toggle-toggle-id-2' data-fake-id='#toggle-id-2' class='toggler  av-title-above '  itemprop=\"headline\"  role='tab' tabindex='0' aria-controls='toggle-id-2' data-slide-speed=\"200\" data-title=\"Est-ce que les joints EPDM sont compatibles avec la silicone ?\" data-title-open=\"\" data-aria_collapsed=\"Cliquez pour \u00e9tendre : Est-ce que les joints EPDM sont compatibles avec la silicone ?\" data-aria_expanded=\"Cliquez pour r\u00e9duire : Est-ce que les joints EPDM sont compatibles avec la silicone ?\">Est-ce que les joints EPDM sont compatibles avec la silicone ?<span class=\"toggle_icon\"><span class=\"vert_icon\"><\/span><span class=\"hor_icon\"><\/span><\/span><\/p><div id='toggle-id-2' aria-labelledby='toggle-toggle-id-2' role='region' class='toggle_wrap  av-title-above'  ><div class='toggle_content invers-color '  itemprop=\"text\" ><p>Les joints Stabalux peuvent \u00eatre utilis\u00e9s en compl\u00e9ment avec les joints de silicone. La silicone va durcir avant la pose des joints EPDM.<\/p>\n<p>Elle peut cependant \u00eatre directement appliqu\u00e9e sur les joints EPDM (au niveau des raccords \u00e9tanches). Nous conseillons d\u2019utiliser une silicone noire plut\u00f4t que des nuances claires afin d\u2019\u00e9viter des variations de couleurs.<\/p>\n<\/div><\/div><\/div><\/section>\n<section class='av_toggle_section av-av_toggle-6af889137cfd184507b94d8e8f8a2b2d'  itemscope=\"itemscope\" itemtype=\"https:\/\/schema.org\/CreativeWork\" ><div role=\"tablist\" class=\"single_toggle\" data-tags=\"{Tout} \"  ><p id='toggle-toggle-id-3' data-fake-id='#toggle-id-3' class='toggler  av-title-above '  itemprop=\"headline\"  role='tab' tabindex='0' aria-controls='toggle-id-3' data-slide-speed=\"200\" data-title=\"Est-ce que les panneaux \u00e0 double couche peuvent \u00eatre pos\u00e9s avec des joints EPDM ?\" data-title-open=\"\" data-aria_collapsed=\"Cliquez pour \u00e9tendre : Est-ce que les panneaux \u00e0 double couche peuvent \u00eatre pos\u00e9s avec des joints EPDM ?\" data-aria_expanded=\"Cliquez pour r\u00e9duire : Est-ce que les panneaux \u00e0 double couche peuvent \u00eatre pos\u00e9s avec des joints EPDM ?\">Est-ce que les panneaux \u00e0 double couche peuvent \u00eatre pos\u00e9s avec des joints EPDM ?<span class=\"toggle_icon\"><span class=\"vert_icon\"><\/span><span class=\"hor_icon\"><\/span><\/span><\/p><div id='toggle-id-3' aria-labelledby='toggle-toggle-id-3' role='region' class='toggle_wrap  av-title-above'  ><div class='toggle_content invers-color '  itemprop=\"text\" ><p>Les panneaux doubles couches existants sont disponibles en 2 sortes de mat\u00e9riaux diff\u00e9rents\u00a0:<\/p>\n<ol>\n<li>Les panneaux doubles couches en polymethylmethcrylat (PMMA plus commun\u00e9ment appel\u00e9 du verre acrylique ou plexyglas). Le polymethylmethcrylat est un plastique de synth\u00e8se, transparent et thermoform\u00e9.<br \/>\nLes joints Stabalux sont utilisables en combinaison avec du verre acrylique.<\/li>\n<li>Les panneaux doubles couches en polycarbonat (Makrolon)\u00a0: le polycarbonate (PC) est un plastique de synth\u00e8se de cat\u00e9gorie polym\u00e8re et de la famille du polyester.<\/li>\n<\/ol>\n<p>Pour l\u2019utilisation des joints Stabalux avec du polycarbonate, il y n\u2019y a pas de test d\u2019aptitude.<\/p>\n<p>En r\u00e8gle g\u00e9n\u00e9rale, les joints EPDM sont mont\u00e9s et recommand\u00e9s selon la norme DIN 7863-1.<\/p>\n<p>Les crit\u00e8res importants pour le montage sont les jeux de tension. Des fissures de tension peuvent apparaitre dans le polycarbonate quand les produits chimiques p\u00e9n\u00e8trent sur une petite surface et en petite quantit\u00e9. Les fissures de tension se forment par tension lors de la production et\/ou par une pression ext\u00e9rieure. Les fissures de tension sont inesth\u00e9tiques et ont une influence sur les propri\u00e9t\u00e9s m\u00e9caniques du joint. Il n\u2019y aura pas de risques de fissures de tension si les panneaux ne sont pas tendus et ne subissent pas de pression.<\/p>\n<\/div><\/div><\/div><\/section>\n<section class='av_toggle_section av-av_toggle-2d89ecab9a7d03d78391f15a021b5128'  itemscope=\"itemscope\" itemtype=\"https:\/\/schema.org\/CreativeWork\" ><div role=\"tablist\" class=\"single_toggle\" data-tags=\"{Tout} \"  ><p id='toggle-toggle-id-4' data-fake-id='#toggle-id-4' class='toggler  av-title-above '  itemprop=\"headline\"  role='tab' tabindex='0' aria-controls='toggle-id-4' data-slide-speed=\"200\" data-title=\"Existe-t-il une intol\u00e9rance entre les joints EPDM et les vitrages autonettoyants ?\" data-title-open=\"\" data-aria_collapsed=\"Cliquez pour \u00e9tendre : Existe-t-il une intol\u00e9rance entre les joints EPDM et les vitrages autonettoyants ?\" data-aria_expanded=\"Cliquez pour r\u00e9duire : Existe-t-il une intol\u00e9rance entre les joints EPDM et les vitrages autonettoyants ?\">Existe-t-il une intol\u00e9rance entre les joints EPDM et les vitrages autonettoyants ?<span class=\"toggle_icon\"><span class=\"vert_icon\"><\/span><span class=\"hor_icon\"><\/span><\/span><\/p><div id='toggle-id-4' aria-labelledby='toggle-toggle-id-4' role='region' class='toggle_wrap  av-title-above'  ><div class='toggle_content invers-color '  itemprop=\"text\" ><p>Les joints Stabalux sont livr\u00e9s sec et peuvent \u00eatre mont\u00e9s avec des vitrages autonettoyants. Les joints lubrifi\u00e9s polym\u00e8re n\u2019ont pas non plus d\u2019incompatibilit\u00e9s avec les vitrages autonettoyants.<\/p>\n<p>Cependant des probl\u00e8mes apparaissent lors de l\u2019utilisation combin\u00e9e d\u2019un joint (dont la surface est silicon\u00e9) avec des verres teint\u00e9s.<\/p>\n<\/div><\/div><\/div><\/section>\n<section class='av_toggle_section av-av_toggle-001fc843ff7af876e5ca425d6e1992ac'  itemscope=\"itemscope\" itemtype=\"https:\/\/schema.org\/CreativeWork\" ><div role=\"tablist\" class=\"single_toggle\" data-tags=\"{Tout} \"  ><p id='toggle-toggle-id-5' data-fake-id='#toggle-id-5' class='toggler  av-title-above '  itemprop=\"headline\"  role='tab' tabindex='0' aria-controls='toggle-id-5' data-slide-speed=\"200\" data-title=\"Est-ce que les joints EPDM sont inflammables ?\" data-title-open=\"\" data-aria_collapsed=\"Cliquez pour \u00e9tendre : Est-ce que les joints EPDM sont inflammables ?\" data-aria_expanded=\"Cliquez pour r\u00e9duire : Est-ce que les joints EPDM sont inflammables ?\">Est-ce que les joints EPDM sont inflammables ?<span class=\"toggle_icon\"><span class=\"vert_icon\"><\/span><span class=\"hor_icon\"><\/span><\/span><\/p><div id='toggle-id-5' aria-labelledby='toggle-toggle-id-5' role='region' class='toggle_wrap  av-title-above'  ><div class='toggle_content invers-color '  itemprop=\"text\" ><p>Selon la norme NF EN 13501-1, les joints remplissent les qualit\u00e9s de la classe E des mat\u00e9riaux. Quelques joints remplissent les exigences des plus hautes classes D, C et B.<\/p>\n<\/div><\/div><\/div><\/section>\n<section class='av_toggle_section av-av_toggle-a67842ae59524213ebe914e727d00423'  itemscope=\"itemscope\" itemtype=\"https:\/\/schema.org\/CreativeWork\" ><div role=\"tablist\" class=\"single_toggle\" data-tags=\"{Tout} \"  ><p id='toggle-toggle-id-6' data-fake-id='#toggle-id-6' class='toggler  av-title-above '  itemprop=\"headline\"  role='tab' tabindex='0' aria-controls='toggle-id-6' data-slide-speed=\"200\" data-title=\"Comment agissent les joints avec une protection contre les incendies ?\" data-title-open=\"\" data-aria_collapsed=\"Cliquez pour \u00e9tendre : Comment agissent les joints avec une protection contre les incendies ?\" data-aria_expanded=\"Cliquez pour r\u00e9duire : Comment agissent les joints avec une protection contre les incendies ?\">Comment agissent les joints avec une protection contre les incendies ?<span class=\"toggle_icon\"><span class=\"vert_icon\"><\/span><span class=\"hor_icon\"><\/span><\/span><\/p><div id='toggle-id-6' aria-labelledby='toggle-toggle-id-6' role='region' class='toggle_wrap  av-title-above'  ><div class='toggle_content invers-color '  itemprop=\"text\" ><p>En principe, tous les joints sont inflammables.<\/p>\n<p>C\u2019est pourquoi, les fonctionnalit\u00e9s des vitrages contre les incendies doivent \u00eatre v\u00e9rifi\u00e9es dans leur int\u00e9gralit\u00e9 (ch\u00e2ssis, joints, raccords, verres pare feu) et selon leurs avis techniques respectifs.<\/p>\n<p>Dans certains cas, selon les exigences des protections incendies et du montage, un joint EPDM peut suffire. Au montage, les joints vont r\u00e9sister au feu mais apr\u00e8s que les joints soient pris par les flammes, les joints vont br\u00fbler.<\/p>\n<p>La protection incendie comprend du caoutchouc en chloropr\u00e8ne (CR). C\u2019est un caoutchouc synth\u00e9tique dans lequel se trouvent des atomes de chlore. En dehors des essais incendie, la temp\u00e9rature normale d\u2019utilisation des joints est situ\u00e9e entre -45\u00b0c et +100\u00b0c (et selon la composition du joint jusqu\u2019\u00e0 130\u00b0c sur une courte p\u00e9riode). Le caoutchouc a une propri\u00e9t\u00e9 d\u2019auto extinction quand la base de l\u2019incendie est \u00e9teinte.<\/p>\n<\/div><\/div><\/div><\/section>\n<\/div><\/div>\n<div  class='flex_column av-av_one_third-cae1f7b2f72c6a5cdf3719c4a548253a av_one_third  avia-builder-el-5  el_after_av_two_third  el_before_av_two_third  flex_column_div  '     ><section  class='av_textblock_section av-av_textblock-ba4cc767715a2b63b6f3c262251710c0 '   itemscope=\"itemscope\" itemtype=\"https:\/\/schema.org\/CreativeWork\" ><div class='avia_textblock faq_navi'  itemprop=\"text\" ><h2>Autres sujets<\/h2>\n<ul>\n<li><a title=\"Syst\u00e8mes\" href=\"https:\/\/www.stabalux.com\/fr\/faq\/systemes\/\">Syst\u00e8mes<\/a><\/li>\n<li><a class=\"act\" title=\"Syst\u00e8me d\u2019\u00e9tanch\u00e9it\u00e9\" href=\"https:\/\/www.stabalux.com\/fr\/faq\/systeme-detancheite\/\">Syst\u00e8me d\u2019\u00e9tanch\u00e9it\u00e9<\/a><\/li>\n<li><a title=\"Tubes \u00e0 visser\" href=\"https:\/\/www.stabalux.com\/fr\/faq\/tubes-visser\/\">Tubes \u00e0 visser<\/a><\/li>\n<li><a title=\"Prise en feuillure\" href=\"https:\/\/www.stabalux.com\/fr\/faq\/prise-en-feuillure\/\">Prise en feuillure<\/a><\/li>\n<li><a title=\"Serreurs\" href=\"https:\/\/www.stabalux.com\/fr\/faq\/serreurs\/\">Serreurs<\/a><\/li>\n<li><a title=\"Isolation thermique\" href=\"https:\/\/www.stabalux.com\/fr\/faq\/isolation-thermique\/\">Isolation thermique<\/a><\/li>\n<li><a title=\"Livraison\" href=\"https:\/\/www.stabalux.com\/fr\/faq\/livraison\/\">Livraison<\/a><\/li>\n<\/ul>\n<\/div><\/section><\/div><div  class='flex_column av-av_two_third-2a9015ff38129c418a3f2eafba3e9512 av_two_third  avia-builder-el-7  el_after_av_one_third  el_before_av_textblock  first flex_column_div  column-top-margin'     ><p>\n<style type=\"text\/css\" data-created_by=\"avia_inline_auto\" id=\"style-css-av-av_heading-47fe87d7233c6e91c61f375d80a5454b\">\n#top .av-special-heading.av-av_heading-47fe87d7233c6e91c61f375d80a5454b{\npadding-bottom:10px;\n}\nbody .av-special-heading.av-av_heading-47fe87d7233c6e91c61f375d80a5454b .av-special-heading-tag .heading-char{\nfont-size:25px;\n}\n.av-special-heading.av-av_heading-47fe87d7233c6e91c61f375d80a5454b .av-subheading{\nfont-size:15px;\n}\n<\/style>\n<div  class='av-special-heading av-av_heading-47fe87d7233c6e91c61f375d80a5454b av-special-heading-h3  avia-builder-el-8  el_before_av_textblock  avia-builder-el-first '><h3 class='av-special-heading-tag '  itemprop=\"headline\"  >Vous n\u2019avez pas trouv\u00e9 votre question ?<\/h3><div class=\"special-heading-border\"><div class=\"special-heading-inner-border\"><\/div><\/div><\/div><br \/>\n<section  class='av_textblock_section av-av_textblock-0366cc7376be6c9e82a3e9cc8987b64f '   itemscope=\"itemscope\" itemtype=\"https:\/\/schema.org\/CreativeWork\" ><div class='avia_textblock'  itemprop=\"text\" ><p>Dans le cas o\u00f9 nous n\u2019avons pas r\u00e9pondu \u00e0 votre question, envoyez la nous tout simplement par email.<br \/>\nUn des membres de notre \u00e9quipe va se mettre en contact avec vous et votre question sera int\u00e9gr\u00e9e sous peu \u00e0 notre liste.<\/p>\n<\/div><\/section><br \/>\n<div  class='avia-button-wrap av-av_button-f5f69eb91c911801adf5b125eabf5155-wrap avia-button-left  avia-builder-el-10  el_after_av_textblock  avia-builder-el-last '><a href='mailto:faq@stabalux.com'  class='avia-button av-av_button-f5f69eb91c911801adf5b125eabf5155 av-link-btn avia-icon_select-yes-left-icon avia-size-medium avia-position-left avia-color-theme-color'   aria-label=\"Envoyer la question\"><span class='avia_button_icon avia_button_icon_left avia-iconfont avia-font-entypo-fontello' data-av_icon='\ue8b7' data-av_iconfont='entypo-fontello' ><\/span><span class='avia_iconbox_title' >Envoyer la question<\/span><\/a><\/div><\/p><\/div><\/p>\n","protected":false},"excerpt":{"rendered":"","protected":false},"author":1,"featured_media":0,"parent":3258,"menu_order":0,"comment_status":"open","ping_status":"closed","template":"","meta":{"footnotes":""},"class_list":["post-3259","page","type-page","status-publish","hentry"],"yoast_head":"<!-- This site is optimized with the Yoast SEO plugin v27.4 - https:\/\/yoast.com\/product\/yoast-seo-wordpress\/ -->\n<title>Syst\u00e8me d\u2019\u00e9tanch\u00e9it\u00e9 | STABALUX<\/title>\n<meta name=\"robots\" content=\"index, follow, max-snippet:-1, max-image-preview:large, max-video-preview:-1\" \/>\n<link rel=\"canonical\" href=\"https:\/\/stabalux.com\/fr\/faq\/systeme-detancheite\/\" \/>\n<meta property=\"og:locale\" content=\"fr_FR\" \/>\n<meta property=\"og:type\" content=\"article\" \/>\n<meta property=\"og:title\" content=\"Syst\u00e8me d\u2019\u00e9tanch\u00e9it\u00e9 | STABALUX\" \/>\n<meta property=\"og:url\" content=\"https:\/\/stabalux.com\/fr\/faq\/systeme-detancheite\/\" \/>\n<meta property=\"og:site_name\" content=\"STABALUX\" \/>\n<meta property=\"article:modified_time\" content=\"2025-03-31T22:17:05+00:00\" \/>\n<meta name=\"twitter:label1\" content=\"Dur\u00e9e de lecture estim\u00e9e\" \/>\n\t<meta name=\"twitter:data1\" content=\"5 minutes\" \/>\n<script type=\"application\/ld+json\" class=\"yoast-schema-graph\">{\"@context\":\"https:\\\/\\\/schema.org\",\"@graph\":[{\"@type\":\"WebPage\",\"@id\":\"https:\\\/\\\/stabalux.com\\\/fr\\\/faq\\\/systeme-detancheite\\\/\",\"url\":\"https:\\\/\\\/stabalux.com\\\/fr\\\/faq\\\/systeme-detancheite\\\/\",\"name\":\"Syst\u00e8me d\u2019\u00e9tanch\u00e9it\u00e9 | STABALUX\",\"isPartOf\":{\"@id\":\"https:\\\/\\\/stabalux.com\\\/fr\\\/#website\"},\"datePublished\":\"2014-10-31T11:13:57+00:00\",\"dateModified\":\"2025-03-31T22:17:05+00:00\",\"breadcrumb\":{\"@id\":\"https:\\\/\\\/stabalux.com\\\/fr\\\/faq\\\/systeme-detancheite\\\/#breadcrumb\"},\"inLanguage\":\"fr-FR\",\"potentialAction\":[{\"@type\":\"ReadAction\",\"target\":[\"https:\\\/\\\/stabalux.com\\\/fr\\\/faq\\\/systeme-detancheite\\\/\"]}]},{\"@type\":\"BreadcrumbList\",\"@id\":\"https:\\\/\\\/stabalux.com\\\/fr\\\/faq\\\/systeme-detancheite\\\/#breadcrumb\",\"itemListElement\":[{\"@type\":\"ListItem\",\"position\":1,\"name\":\"Startseite\",\"item\":\"https:\\\/\\\/stabalux.com\\\/fr\\\/\"},{\"@type\":\"ListItem\",\"position\":2,\"name\":\"FAQ\",\"item\":\"https:\\\/\\\/stabalux.com\\\/fr\\\/wissen-glasfassade\\\/faq\\\/\"},{\"@type\":\"ListItem\",\"position\":3,\"name\":\"Syst\u00e8me d\u2019\u00e9tanch\u00e9it\u00e9\"}]},{\"@type\":\"WebSite\",\"@id\":\"https:\\\/\\\/stabalux.com\\\/fr\\\/#website\",\"url\":\"https:\\\/\\\/stabalux.com\\\/fr\\\/\",\"name\":\"STABALUX\",\"description\":\"\",\"publisher\":{\"@id\":\"https:\\\/\\\/stabalux.com\\\/fr\\\/#organization\"},\"potentialAction\":[{\"@type\":\"SearchAction\",\"target\":{\"@type\":\"EntryPoint\",\"urlTemplate\":\"https:\\\/\\\/stabalux.com\\\/fr\\\/?s={search_term_string}\"},\"query-input\":{\"@type\":\"PropertyValueSpecification\",\"valueRequired\":true,\"valueName\":\"search_term_string\"}}],\"inLanguage\":\"fr-FR\"},{\"@type\":\"Organization\",\"@id\":\"https:\\\/\\\/stabalux.com\\\/fr\\\/#organization\",\"name\":\"Stabalux GmbH\",\"url\":\"https:\\\/\\\/stabalux.com\\\/fr\\\/\",\"logo\":{\"@type\":\"ImageObject\",\"inLanguage\":\"fr-FR\",\"@id\":\"https:\\\/\\\/stabalux.com\\\/fr\\\/#\\\/schema\\\/logo\\\/image\\\/\",\"url\":null,\"contentUrl\":null,\"width\":null,\"height\":null,\"caption\":\"Stabalux GmbH\"},\"image\":{\"@id\":\"https:\\\/\\\/stabalux.com\\\/fr\\\/#\\\/schema\\\/logo\\\/image\\\/\"},\"sameAs\":[\"https:\\\/\\\/www.instagram.com\\\/stabalux\\\/\",\"https:\\\/\\\/www.pinterest.de\\\/stabaluxgmbh\\\/\"]}]}<\/script>\n<!-- \/ Yoast SEO plugin. -->","yoast_head_json":{"title":"Syst\u00e8me d\u2019\u00e9tanch\u00e9it\u00e9 | STABALUX","robots":{"index":"index","follow":"follow","max-snippet":"max-snippet:-1","max-image-preview":"max-image-preview:large","max-video-preview":"max-video-preview:-1"},"canonical":"https:\/\/stabalux.com\/fr\/faq\/systeme-detancheite\/","og_locale":"fr_FR","og_type":"article","og_title":"Syst\u00e8me d\u2019\u00e9tanch\u00e9it\u00e9 | STABALUX","og_url":"https:\/\/stabalux.com\/fr\/faq\/systeme-detancheite\/","og_site_name":"STABALUX","article_modified_time":"2025-03-31T22:17:05+00:00","twitter_misc":{"Dur\u00e9e de lecture estim\u00e9e":"5 minutes"},"schema":{"@context":"https:\/\/schema.org","@graph":[{"@type":"WebPage","@id":"https:\/\/stabalux.com\/fr\/faq\/systeme-detancheite\/","url":"https:\/\/stabalux.com\/fr\/faq\/systeme-detancheite\/","name":"Syst\u00e8me d\u2019\u00e9tanch\u00e9it\u00e9 | STABALUX","isPartOf":{"@id":"https:\/\/stabalux.com\/fr\/#website"},"datePublished":"2014-10-31T11:13:57+00:00","dateModified":"2025-03-31T22:17:05+00:00","breadcrumb":{"@id":"https:\/\/stabalux.com\/fr\/faq\/systeme-detancheite\/#breadcrumb"},"inLanguage":"fr-FR","potentialAction":[{"@type":"ReadAction","target":["https:\/\/stabalux.com\/fr\/faq\/systeme-detancheite\/"]}]},{"@type":"BreadcrumbList","@id":"https:\/\/stabalux.com\/fr\/faq\/systeme-detancheite\/#breadcrumb","itemListElement":[{"@type":"ListItem","position":1,"name":"Startseite","item":"https:\/\/stabalux.com\/fr\/"},{"@type":"ListItem","position":2,"name":"FAQ","item":"https:\/\/stabalux.com\/fr\/wissen-glasfassade\/faq\/"},{"@type":"ListItem","position":3,"name":"Syst\u00e8me d\u2019\u00e9tanch\u00e9it\u00e9"}]},{"@type":"WebSite","@id":"https:\/\/stabalux.com\/fr\/#website","url":"https:\/\/stabalux.com\/fr\/","name":"STABALUX","description":"","publisher":{"@id":"https:\/\/stabalux.com\/fr\/#organization"},"potentialAction":[{"@type":"SearchAction","target":{"@type":"EntryPoint","urlTemplate":"https:\/\/stabalux.com\/fr\/?s={search_term_string}"},"query-input":{"@type":"PropertyValueSpecification","valueRequired":true,"valueName":"search_term_string"}}],"inLanguage":"fr-FR"},{"@type":"Organization","@id":"https:\/\/stabalux.com\/fr\/#organization","name":"Stabalux GmbH","url":"https:\/\/stabalux.com\/fr\/","logo":{"@type":"ImageObject","inLanguage":"fr-FR","@id":"https:\/\/stabalux.com\/fr\/#\/schema\/logo\/image\/","url":null,"contentUrl":null,"width":null,"height":null,"caption":"Stabalux GmbH"},"image":{"@id":"https:\/\/stabalux.com\/fr\/#\/schema\/logo\/image\/"},"sameAs":["https:\/\/www.instagram.com\/stabalux\/","https:\/\/www.pinterest.de\/stabaluxgmbh\/"]}]}},"_links":{"self":[{"href":"https:\/\/stabalux.com\/fr\/wp-json\/wp\/v2\/pages\/3259","targetHints":{"allow":["GET"]}}],"collection":[{"href":"https:\/\/stabalux.com\/fr\/wp-json\/wp\/v2\/pages"}],"about":[{"href":"https:\/\/stabalux.com\/fr\/wp-json\/wp\/v2\/types\/page"}],"author":[{"embeddable":true,"href":"https:\/\/stabalux.com\/fr\/wp-json\/wp\/v2\/users\/1"}],"replies":[{"embeddable":true,"href":"https:\/\/stabalux.com\/fr\/wp-json\/wp\/v2\/comments?post=3259"}],"version-history":[{"count":1,"href":"https:\/\/stabalux.com\/fr\/wp-json\/wp\/v2\/pages\/3259\/revisions"}],"predecessor-version":[{"id":13491,"href":"https:\/\/stabalux.com\/fr\/wp-json\/wp\/v2\/pages\/3259\/revisions\/13491"}],"up":[{"embeddable":true,"href":"https:\/\/stabalux.com\/fr\/wp-json\/wp\/v2\/pages\/3258"}],"wp:attachment":[{"href":"https:\/\/stabalux.com\/fr\/wp-json\/wp\/v2\/media?parent=3259"}],"curies":[{"name":"wp","href":"https:\/\/api.w.org\/{rel}","templated":true}]}}