{"id":13962,"date":"2014-10-31T12:16:12","date_gmt":"2014-10-31T11:16:12","guid":{"rendered":"https:\/\/stabalux.com\/impressum\/"},"modified":"2025-11-07T10:04:42","modified_gmt":"2025-11-07T09:04:42","slug":"imprint","status":"publish","type":"page","link":"https:\/\/stabalux.com\/en\/imprint\/","title":{"rendered":"Imprint"},"content":{"rendered":"\n<style type=\"text\/css\" data-created_by=\"avia_inline_auto\" id=\"style-css-av-3imbt-1ad58e1e3b694c7bf7f4d23141d5e6d5\">\n.avia-section.av-3imbt-1ad58e1e3b694c7bf7f4d23141d5e6d5 .av-parallax .av-parallax-inner{\nbackground-repeat:no-repeat;\nbackground-image:url(https:\/\/stabalux.com\/wp-content\/uploads\/2025\/05\/blurred_bg_2-1024x430-1.jpg);\nbackground-position:0% 0%;\nbackground-attachment:scroll;\n}\n<\/style>\n<div id='av_section_1'  class='avia-section av-3imbt-1ad58e1e3b694c7bf7f4d23141d5e6d5 main_color avia-section-default avia-shadow  avia-builder-el-0  el_before_av_two_third  avia-builder-el-first  av-parallax-section avia-bg-style-parallax av-minimum-height av-minimum-height-25 av-height-25  container_wrap fullsize'  data-section-bg-repeat='no-repeat' data-av_minimum_height_pc='25' data-av_min_height_opt='25'><div class='av-parallax' data-avia-parallax-ratio='0.3' ><div class='av-parallax-inner main_color avia-full-stretch'><\/div><\/div><div class='container av-section-cont-open' ><main  role=\"main\" itemprop=\"mainContentOfPage\"  class='template-page content  av-content-full alpha units'><div class='post-entry post-entry-type-page post-entry-13962'><div class='entry-content-wrapper clearfix'>\n<div  class='flex_column av-95xl-66ffa02272990dfda93577022a8bd338 av_one_full  avia-builder-el-1  avia-builder-el-no-sibling  first flex_column_div  '     ><style type=\"text\/css\" data-created_by=\"avia_inline_auto\" id=\"style-css-av-225ft-9f892b34863edcc5b828d6f822af3913\">\n#top .av_textblock_section.av-225ft-9f892b34863edcc5b828d6f822af3913 .avia_textblock{\ncolor:#ffffff;\n}\n<\/style>\n<section  class='av_textblock_section av-225ft-9f892b34863edcc5b828d6f822af3913 '   itemscope=\"itemscope\" itemtype=\"https:\/\/schema.org\/CreativeWork\" ><div class='avia_textblock av_inherit_color'  itemprop=\"text\" ><h1>Imprint<\/h1>\n<\/div><\/section><\/div>\n<\/div><\/div><\/main><!-- close content main element --><\/div><\/div><div id='after_section_1'  class='main_color av_default_container_wrap container_wrap fullsize'  ><div class='container av-section-cont-open' ><div class='template-page content  av-content-full alpha units'><div class='post-entry post-entry-type-page post-entry-13962'><div class='entry-content-wrapper clearfix'>\n<div  class='flex_column av-1roct-a521494001e14174d819e14e6be71ab1 av_two_third  avia-builder-el-3  el_after_av_section  avia-builder-el-no-sibling  first flex_column_div  '     ><section  class='av_textblock_section av-vj0x-b1ebeaed606d442f307f1865e2843112 '   itemscope=\"itemscope\" itemtype=\"https:\/\/schema.org\/CreativeWork\" ><div class='avia_textblock'  itemprop=\"text\" ><h1>Stabalux GmbH<\/h1>\n<p>Justus-von-Liebig-Stra\u00dfe 22<br \/>\n53121 Bonn<br \/>\nGermany<\/p>\n<p>Tel. +49\u00a0 228\u00a0 90 90 43 &#8211; 0<\/p>\n<p>M: <a title=\"info@stabalux.com\" href=\"mailto:c.service@stabalux.com\">c.service@stabalux.com<\/a><\/p>\n<p>Place of Business: Bonn<br \/>\nRegistrar of Companies: Bonn HRB 15295<\/p>\n<p>VAT number: DE 814 831 226<br \/>\nManaging Director: Johan Hafstr\u00f6m and Mathias Andersson<\/p>\n<h2>Design und Realisation:<\/h2>\n<p>Stabalux GmbH<\/p>\n<p><a title=\"Bild-\/Videonachweis\" href=\"https:\/\/www.stabalux.com\/en\/imprint\/image-video-credits\/\"><strong>Image-\/videocredits<\/strong><\/a><\/p>\n<p>Stabalux GmbH has made every effort to ensure that the information and data contained on this website is accurate. We cannot, however, accept liability for or guarantee the up-to-dateness, accuracy and completeness of the information and data which is provided here. This also applies to all other websites which can be accessed through this website by means of hyperlinks. Stabalux GmbH is also not responsible for the content of other websites accessed in this manner. Stabalux GmbH reserves the right to make alterations or additions to the information or data which has been provided without prior notice.<\/p>\n<p>The content of the Stabalux GmbH website is protected by copyright. The duplication of information or data and, in particular, the utilisation of text, text excerpts or photo material is not permitted without the prior consent of Stabalux GmbH. This does not apply to the information which can be accessed under \u201cPress texts\u201d and which has been expressly provided for the purpose of propagation.<\/p>\n<p>All information or data and its utilization, access to the Stabalux GmbH website and all activities, sufferance and forbearance connected with the Stabalux GmbH website is exclusively governed by German law. The place of performance and exclusive jurisdiction is Bonn.<\/p>\n<\/div><\/section><\/div>\n","protected":false},"excerpt":{"rendered":"","protected":false},"author":1,"featured_media":0,"parent":0,"menu_order":0,"comment_status":"open","ping_status":"open","template":"","meta":{"footnotes":""},"class_list":["post-13962","page","type-page","status-publish","hentry"],"yoast_head":"<!-- This site is optimized with the Yoast SEO plugin v27.4 - https:\/\/yoast.com\/product\/yoast-seo-wordpress\/ -->\n<title>Impressum | STABALUX<\/title>\n<meta name=\"description\" content=\"Stabalux GmbH | Justus-von- Liebig Stra\u00dfe 22 | 53121 Bonn, Germany | Tel. +49 228 90 90 43 - 0 | Sitz der Gesellschaft: Bonn | Gesch\u00e4ftsf\u00fchrer: Johan Hafstr\u00f6m und Mathias Andersson\" \/>\n<meta name=\"robots\" content=\"index, follow, max-snippet:-1, max-image-preview:large, max-video-preview:-1\" \/>\n<link rel=\"canonical\" href=\"https:\/\/stabalux.com\/en\/imprint\/\" \/>\n<meta property=\"og:locale\" content=\"en_US\" \/>\n<meta property=\"og:type\" content=\"article\" \/>\n<meta property=\"og:title\" content=\"Impressum | STABALUX\" \/>\n<meta property=\"og:description\" content=\"Stabalux GmbH | Justus-von- Liebig Stra\u00dfe 22 | 53121 Bonn, Germany | Tel. +49 228 90 90 43 - 0 | Sitz der Gesellschaft: Bonn | Gesch\u00e4ftsf\u00fchrer: Johan Hafstr\u00f6m und Mathias Andersson\" \/>\n<meta property=\"og:url\" content=\"https:\/\/stabalux.com\/en\/imprint\/\" \/>\n<meta property=\"og:site_name\" content=\"STABALUX\" \/>\n<meta property=\"article:modified_time\" content=\"2025-11-07T09:04:42+00:00\" \/>\n<meta name=\"twitter:label1\" content=\"Est. reading time\" \/>\n\t<meta name=\"twitter:data1\" content=\"2 minutes\" \/>\n<script type=\"application\/ld+json\" class=\"yoast-schema-graph\">{\"@context\":\"https:\\\/\\\/schema.org\",\"@graph\":[{\"@type\":\"WebPage\",\"@id\":\"https:\\\/\\\/stabalux.com\\\/en\\\/imprint\\\/\",\"url\":\"https:\\\/\\\/stabalux.com\\\/en\\\/imprint\\\/\",\"name\":\"Impressum | STABALUX\",\"isPartOf\":{\"@id\":\"https:\\\/\\\/stabalux.com\\\/en\\\/#website\"},\"datePublished\":\"2014-10-31T11:16:12+00:00\",\"dateModified\":\"2025-11-07T09:04:42+00:00\",\"description\":\"Stabalux GmbH | Justus-von- Liebig Stra\u00dfe 22 | 53121 Bonn, Germany | Tel. +49 228 90 90 43 - 0 | Sitz der Gesellschaft: Bonn | Gesch\u00e4ftsf\u00fchrer: Johan Hafstr\u00f6m und Mathias Andersson\",\"breadcrumb\":{\"@id\":\"https:\\\/\\\/stabalux.com\\\/en\\\/imprint\\\/#breadcrumb\"},\"inLanguage\":\"en-US\",\"potentialAction\":[{\"@type\":\"ReadAction\",\"target\":[\"https:\\\/\\\/stabalux.com\\\/en\\\/imprint\\\/\"]}]},{\"@type\":\"BreadcrumbList\",\"@id\":\"https:\\\/\\\/stabalux.com\\\/en\\\/imprint\\\/#breadcrumb\",\"itemListElement\":[{\"@type\":\"ListItem\",\"position\":1,\"name\":\"Startseite\",\"item\":\"https:\\\/\\\/stabalux.com\\\/en\\\/\"},{\"@type\":\"ListItem\",\"position\":2,\"name\":\"Imprint\"}]},{\"@type\":\"WebSite\",\"@id\":\"https:\\\/\\\/stabalux.com\\\/en\\\/#website\",\"url\":\"https:\\\/\\\/stabalux.com\\\/en\\\/\",\"name\":\"STABALUX\",\"description\":\"\",\"publisher\":{\"@id\":\"https:\\\/\\\/stabalux.com\\\/en\\\/#organization\"},\"potentialAction\":[{\"@type\":\"SearchAction\",\"target\":{\"@type\":\"EntryPoint\",\"urlTemplate\":\"https:\\\/\\\/stabalux.com\\\/en\\\/?s={search_term_string}\"},\"query-input\":{\"@type\":\"PropertyValueSpecification\",\"valueRequired\":true,\"valueName\":\"search_term_string\"}}],\"inLanguage\":\"en-US\"},{\"@type\":\"Organization\",\"@id\":\"https:\\\/\\\/stabalux.com\\\/en\\\/#organization\",\"name\":\"Stabalux GmbH\",\"url\":\"https:\\\/\\\/stabalux.com\\\/en\\\/\",\"logo\":{\"@type\":\"ImageObject\",\"inLanguage\":\"en-US\",\"@id\":\"https:\\\/\\\/stabalux.com\\\/en\\\/#\\\/schema\\\/logo\\\/image\\\/\",\"url\":null,\"contentUrl\":null,\"width\":null,\"height\":null,\"caption\":\"Stabalux GmbH\"},\"image\":{\"@id\":\"https:\\\/\\\/stabalux.com\\\/en\\\/#\\\/schema\\\/logo\\\/image\\\/\"},\"sameAs\":[\"https:\\\/\\\/www.instagram.com\\\/stabalux\\\/\",\"https:\\\/\\\/www.pinterest.de\\\/stabaluxgmbh\\\/\"]}]}<\/script>\n<!-- \/ Yoast SEO plugin. -->","yoast_head_json":{"title":"Impressum | STABALUX","description":"Stabalux GmbH | Justus-von- Liebig Stra\u00dfe 22 | 53121 Bonn, Germany | Tel. +49 228 90 90 43 - 0 | Sitz der Gesellschaft: Bonn | Gesch\u00e4ftsf\u00fchrer: Johan Hafstr\u00f6m und Mathias Andersson","robots":{"index":"index","follow":"follow","max-snippet":"max-snippet:-1","max-image-preview":"max-image-preview:large","max-video-preview":"max-video-preview:-1"},"canonical":"https:\/\/stabalux.com\/en\/imprint\/","og_locale":"en_US","og_type":"article","og_title":"Impressum | STABALUX","og_description":"Stabalux GmbH | Justus-von- Liebig Stra\u00dfe 22 | 53121 Bonn, Germany | Tel. +49 228 90 90 43 - 0 | Sitz der Gesellschaft: Bonn | Gesch\u00e4ftsf\u00fchrer: Johan Hafstr\u00f6m und Mathias Andersson","og_url":"https:\/\/stabalux.com\/en\/imprint\/","og_site_name":"STABALUX","article_modified_time":"2025-11-07T09:04:42+00:00","twitter_misc":{"Est. reading time":"2 minutes"},"schema":{"@context":"https:\/\/schema.org","@graph":[{"@type":"WebPage","@id":"https:\/\/stabalux.com\/en\/imprint\/","url":"https:\/\/stabalux.com\/en\/imprint\/","name":"Impressum | STABALUX","isPartOf":{"@id":"https:\/\/stabalux.com\/en\/#website"},"datePublished":"2014-10-31T11:16:12+00:00","dateModified":"2025-11-07T09:04:42+00:00","description":"Stabalux GmbH | Justus-von- Liebig Stra\u00dfe 22 | 53121 Bonn, Germany | Tel. +49 228 90 90 43 - 0 | Sitz der Gesellschaft: Bonn | Gesch\u00e4ftsf\u00fchrer: Johan Hafstr\u00f6m und Mathias Andersson","breadcrumb":{"@id":"https:\/\/stabalux.com\/en\/imprint\/#breadcrumb"},"inLanguage":"en-US","potentialAction":[{"@type":"ReadAction","target":["https:\/\/stabalux.com\/en\/imprint\/"]}]},{"@type":"BreadcrumbList","@id":"https:\/\/stabalux.com\/en\/imprint\/#breadcrumb","itemListElement":[{"@type":"ListItem","position":1,"name":"Startseite","item":"https:\/\/stabalux.com\/en\/"},{"@type":"ListItem","position":2,"name":"Imprint"}]},{"@type":"WebSite","@id":"https:\/\/stabalux.com\/en\/#website","url":"https:\/\/stabalux.com\/en\/","name":"STABALUX","description":"","publisher":{"@id":"https:\/\/stabalux.com\/en\/#organization"},"potentialAction":[{"@type":"SearchAction","target":{"@type":"EntryPoint","urlTemplate":"https:\/\/stabalux.com\/en\/?s={search_term_string}"},"query-input":{"@type":"PropertyValueSpecification","valueRequired":true,"valueName":"search_term_string"}}],"inLanguage":"en-US"},{"@type":"Organization","@id":"https:\/\/stabalux.com\/en\/#organization","name":"Stabalux GmbH","url":"https:\/\/stabalux.com\/en\/","logo":{"@type":"ImageObject","inLanguage":"en-US","@id":"https:\/\/stabalux.com\/en\/#\/schema\/logo\/image\/","url":null,"contentUrl":null,"width":null,"height":null,"caption":"Stabalux GmbH"},"image":{"@id":"https:\/\/stabalux.com\/en\/#\/schema\/logo\/image\/"},"sameAs":["https:\/\/www.instagram.com\/stabalux\/","https:\/\/www.pinterest.de\/stabaluxgmbh\/"]}]}},"_links":{"self":[{"href":"https:\/\/stabalux.com\/en\/wp-json\/wp\/v2\/pages\/13962","targetHints":{"allow":["GET"]}}],"collection":[{"href":"https:\/\/stabalux.com\/en\/wp-json\/wp\/v2\/pages"}],"about":[{"href":"https:\/\/stabalux.com\/en\/wp-json\/wp\/v2\/types\/page"}],"author":[{"embeddable":true,"href":"https:\/\/stabalux.com\/en\/wp-json\/wp\/v2\/users\/1"}],"replies":[{"embeddable":true,"href":"https:\/\/stabalux.com\/en\/wp-json\/wp\/v2\/comments?post=13962"}],"version-history":[{"count":10,"href":"https:\/\/stabalux.com\/en\/wp-json\/wp\/v2\/pages\/13962\/revisions"}],"predecessor-version":[{"id":14848,"href":"https:\/\/stabalux.com\/en\/wp-json\/wp\/v2\/pages\/13962\/revisions\/14848"}],"wp:attachment":[{"href":"https:\/\/stabalux.com\/en\/wp-json\/wp\/v2\/media?parent=13962"}],"curies":[{"name":"wp","href":"https:\/\/api.w.org\/{rel}","templated":true}]}}